{"id":27,"date":"2010-02-06T22:58:48","date_gmt":"2010-02-06T19:58:48","guid":{"rendered":"http:\/\/www.bigmountain.ru\/fr\/?page_id=27"},"modified":"2024-04-21T14:05:05","modified_gmt":"2024-04-21T11:05:05","slug":"ascention-de-lelbrus","status":"publish","type":"page","link":"https:\/\/www.bigmountain.ru\/fr\/?page_id=27","title":{"rendered":"Ascension de l&#8217;Elbrouz. Face sud."},"content":{"rendered":"<p><a href=\"http:\/\/www.bigmountain.ru\/fr\/bigmountain.ru\/www\/fr\/wp-content\/uploads\/2010\/02\/13522850_1209689909065409_7780844175890520520_o.jpg\"><img loading=\"lazy\" class=\"alignnone size-full wp-image-749\" src=\"http:\/\/www.bigmountain.ru\/fr\/bigmountain.ru\/www\/fr\/wp-content\/uploads\/2010\/02\/13522850_1209689909065409_7780844175890520520_o.jpg\" alt=\"ascension de l'Elbrus\" width=\"2048\" height=\"1365\" srcset=\"https:\/\/www.bigmountain.ru\/fr\/bigmountain.ru\/www\/fr\/wp-content\/uploads\/2010\/02\/13522850_1209689909065409_7780844175890520520_o.jpg 2048w, https:\/\/www.bigmountain.ru\/fr\/bigmountain.ru\/www\/fr\/wp-content\/uploads\/2010\/02\/13522850_1209689909065409_7780844175890520520_o-300x200.jpg 300w, https:\/\/www.bigmountain.ru\/fr\/bigmountain.ru\/www\/fr\/wp-content\/uploads\/2010\/02\/13522850_1209689909065409_7780844175890520520_o-768x512.jpg 768w, https:\/\/www.bigmountain.ru\/fr\/bigmountain.ru\/www\/fr\/wp-content\/uploads\/2010\/02\/13522850_1209689909065409_7780844175890520520_o-1024x683.jpg 1024w\" sizes=\"(max-width: 2048px) 100vw, 2048px\" \/><\/a><\/p>\n<table bgcolor=\"#0c7004\">\n<tbody>\n<tr>\n<td><\/td>\n<td><span style=\"color: #ffffff;\"><a style=\"color: #ffffff;\" href=\"#2\">Ascension de l\u2019Elbrouz par la face sud.<\/a><\/span><br \/>\n<span style=\"color: #ffffff;\"> <a style=\"color: #ffffff;\" href=\"#3\">Le programme.<\/a><\/span><br \/>\n<span style=\"color: #ffffff;\"> <a style=\"color: #ffffff;\" href=\"#4\">Le prix.<\/a><\/span><br \/>\n<a href=\"http:\/\/www.bigmountain.ru\/fr\/?page_id=1130\"><span style=\"color: #ffffff;\"> Equipement necessaires.<\/span><\/a><br \/>\n<a href=\"http:\/\/www.bigmountain.ru\/fr\/?page_id=1041\"><span style=\"color: #ffffff;\"> Le visa.<\/span><\/a><br \/>\n<span style=\"color: #ffffff;\"> <a style=\"color: #ffffff;\" href=\"http:\/\/www.bigmountain.ru\/fr\/?page_id=74\" target=\"_blank\" rel=\"noopener\">Photos<\/a><\/span><br \/>\n<span style=\"color: #ffffff;\"> <a style=\"color: #ffffff;\" href=\"#8\">Video. Au sommet de l&#8217;Elbrus.<\/a><\/span><br \/>\n<span style=\"color: #ffffff;\"><a style=\"color: #ffffff;\" href=\"#7\">Carte de l&#8217;Elbrus.<\/a><\/span><\/td>\n<\/tr>\n<\/tbody>\n<\/table>\n<p><a name=\"2\"><\/a><strong>ASCENSION DE L&#8217;ELBRUS. L&#8217;ITINERAIRE.<\/strong><\/p>\n<p><a href=\"http:\/\/www.bigmountain.ru\/fr\/bigmountain.ru\/www\/fr\/wp-content\/uploads\/2010\/02\/el_msrwfr_b.jpg\"><img loading=\"lazy\" class=\"alignnone size-full wp-image-750\" src=\"http:\/\/www.bigmountain.ru\/fr\/bigmountain.ru\/www\/fr\/wp-content\/uploads\/2010\/02\/el_msrwfr_b.jpg\" alt=\"Elbrus face sude itineraire\" width=\"1253\" height=\"800\" srcset=\"https:\/\/www.bigmountain.ru\/fr\/bigmountain.ru\/www\/fr\/wp-content\/uploads\/2010\/02\/el_msrwfr_b.jpg 1253w, https:\/\/www.bigmountain.ru\/fr\/bigmountain.ru\/www\/fr\/wp-content\/uploads\/2010\/02\/el_msrwfr_b-300x192.jpg 300w, https:\/\/www.bigmountain.ru\/fr\/bigmountain.ru\/www\/fr\/wp-content\/uploads\/2010\/02\/el_msrwfr_b-768x490.jpg 768w, https:\/\/www.bigmountain.ru\/fr\/bigmountain.ru\/www\/fr\/wp-content\/uploads\/2010\/02\/el_msrwfr_b-1024x654.jpg 1024w\" sizes=\"(max-width: 1253px) 100vw, 1253px\" \/><\/a><\/p>\n<p>L\u2019 itineraire de l\u2019ascension, repute classique, prend son depart de la vallee de Baksan et longe ensuite le flanc sud du massif. Pour les personnes jouissant d\u2019une bonne sante physique il est tout a fait accessible. Dans des conditions meteorologiques normales la grande majorite de nos clients menent a bien l\u2019ascension de l\u2019Elbrouz.<br \/>\nBien qu\u2019un equipement de haute montagne special soit indispensable ( griffes, piolet), l\u2019itineraire ne presente pas de difficultes de point de vue technique. Mais il est bien perfide. L\u2019altitude, le manque d\u2019oxygene, les vents frequents, les emanations de gaz sulfureux, l\u2019absence de visibilite en cas de mauvais temps, et un rayonnement solaire accru exigent une bonne forme physique, une bonne endurance et un materiel de qualite.<br \/>\nLes randonneurs gagneraient a se premunir des services d\u2019un guide. Celui-ci leur proposera un programme d\u2019acclimatation optimal et grace a ses connaissances de procedes techniques et psychologiques augmentera au maximum les chances d\u2019atteindre le sommet. Le guide assure la plus grande securite de l\u2019ascension.<\/p>\n<p><strong><a name=\"3\"><\/a><strong>LE PROGRAMME.<\/strong><br \/>\n<\/strong><strong><br \/>\n<a href=\"http:\/\/www.bigmountain.ru\/fr\/bigmountain.ru\/www\/fr\/wp-content\/uploads\/2010\/02\/voc6_b1.jpg\"><img loading=\"lazy\" class=\"alignnone size-full wp-image-751\" src=\"http:\/\/www.bigmountain.ru\/fr\/bigmountain.ru\/www\/fr\/wp-content\/uploads\/2010\/02\/voc6_b1.jpg\" alt=\"ascension de l'Elbrouz\" width=\"1067\" height=\"800\" srcset=\"https:\/\/www.bigmountain.ru\/fr\/bigmountain.ru\/www\/fr\/wp-content\/uploads\/2010\/02\/voc6_b1.jpg 1067w, https:\/\/www.bigmountain.ru\/fr\/bigmountain.ru\/www\/fr\/wp-content\/uploads\/2010\/02\/voc6_b1-300x225.jpg 300w, https:\/\/www.bigmountain.ru\/fr\/bigmountain.ru\/www\/fr\/wp-content\/uploads\/2010\/02\/voc6_b1-768x576.jpg 768w, https:\/\/www.bigmountain.ru\/fr\/bigmountain.ru\/www\/fr\/wp-content\/uploads\/2010\/02\/voc6_b1-1024x768.jpg 1024w\" sizes=\"(max-width: 1067px) 100vw, 1067px\" \/><\/a> <\/strong><\/p>\n<ul>\n<li style=\"list-style-type: none;\">\n<ul>\n<li><strong>Region :<\/strong> le caucase central, mont Elbrouz.<\/li>\n<li><strong>Niveau :<\/strong> pour randonneur en bonne forme physique.<\/li>\n<li><strong>Duree :<\/strong>\u00a08 jours.<\/li>\n<li><strong>Encadrement :<\/strong>\u00a0un guide de haute montagne local et accueilleure francophone ou anglophone.<\/li>\n<li><strong>Hebergement : <\/strong>hotel et refuge.<\/li>\n<li><strong>Dates:<\/strong>\u00a0fin avril &#8212; d\u00e9but septembre.<\/li>\n<li><strong>Tip :\u00a0<\/strong>a pied ou en\u00a0ski de randonn\u00e9e.<\/li>\n<\/ul>\n<\/li>\n<\/ul>\n<p><strong>Jour 1. Vol national Moscou \u2013 Mineralni Vody.<\/strong><\/p>\n<p>A l\u2019a\u00e9roport de MV notre guide francophone vous rencontrera et vous allez partir pour la vall\u00e9e de Baksan au village Terskol (2100 \u043c) ou vous passerez la nuit dans un h\u00f4tel.<\/p>\n<p><strong>Jour 2. Ascension d\u2019acclimatation au pic Tcheget.<\/strong><\/p>\n<p>Le matin on va vert mt. Tcheget et on prend le t\u00e9l\u00e9ph\u00e9rique qui va nous amener jusqu&#8217;\u00e0 l\u2019hauteur de 2600 m. d\u2019ou on commence montter a pied vers le sommet Malii Tcheget (3460 m., 860 m. vertical, 2 heures de marche). De se point la une vue fantastique sur l\u2019Elbrus s\u2019ouvre. Nuit a l\u2019hotel (2100m.)<\/p>\n<p><strong>Jour 3. Ascension d\u2019acclimatation vers le Refuge de 11.<\/strong><\/p>\n<p>Ce jour la on prend le telepherique a l\u2019Ebrus et on monte vers la station Kara-Bashi (3700m.) On s\u2019installe dans le refuge ou on va passez plusieurs jours. Puis on sort pour une ascension d\u2019acclimatation vers le Refuge de\u00a011 (4050m., 350 metres vertical, 2 heurs de marche). Nuis dans le refuge (3700m.)<\/p>\n<p><strong>Jour 4.<\/strong>\u00a0<strong>Ascension d\u2019acclimatation au Pastouckhova rocks.<\/strong><\/p>\n<p>Aujourd\u2019hui on monte au Rochez de Pastuckhov. (4800 \u043c, 1100 metres vertical, 4-5 heurs de marche). Nuit en refuge.<\/p>\n<p><strong>Jour 5.<\/strong> <strong>Jour de repos avent l\u2019ascension.<\/strong><\/p>\n<p>Derni\u00e8re journ\u00e9e d\u2019acclimatation et repos. Diner tot. Nuit en refuge.<\/p>\n<p><strong>Jour 6.<\/strong> <strong>Ascension du sommet Elbrouz (5640 m).<\/strong><\/p>\n<p>Le jour du sommet on se l\u00e8ve a 2 heurs du matin et on part du refuge a 3 heurs. On peut prendre le snow-cat (tracteur) qui am\u00e8ne vers les Rochez de Pastouckhov et commencer l ascension des 4700m. Ca \u00e9conomise 3-4 heurs de marche, mais le prix n\u2019est pas inclus dans le programme. On marche vers le sommet 7-10 heurs. Si on a de la chance une vue splendide s\u2019ouvre du sommet de l\u2019Elbrus sur toute la chaine du Caucase. La dressante du sommet prend 4-5 heurs et on sera dans notre refuge a 15-18 heurs. Nuit dans le refuge.<\/p>\n<p><strong>Jour 7.<\/strong> <strong>Jour de r\u00e9serve ou descente au village Terskol.<\/strong><\/p>\n<p>Apr\u00e8s le petit d\u00e9jeun\u00e9e on descend dans le village Terskol. Si le jour 7 a cause du mauvais temps on n\u2019a pas pus faire le sommet aujourd\u2019hui on a encore une chance. Nuit en h\u00f4tel. (Mais il faudra apr\u00e8s l\u2019ascension descendre directement au village ou payer une nuis de plus au refuge)<\/p>\n<p><strong>Jour 8.<\/strong> <strong>Transfert a\u00e9roport \u2014 vol MINERAL VODY \u2013 MOSCOU.<\/strong><\/p>\n<p><a name=\"8\"><\/a><strong>VIDEO.\u00a0Au sommet de l&#8217;Elbrus.<\/strong><br \/>\n<iframe loading=\"lazy\" src=\"https:\/\/www.youtube.com\/embed\/eRdon7zQByU\" width=\"584\" height=\"329\" frameborder=\"0\" allowfullscreen=\"allowfullscreen\"><\/iframe><br \/>\n<em>Ascension de l\u2019Elbrouz (5642 metres) le plus haut sommet de l&#8217;Europe en \u00e9t\u00e9 2015 par 2 fran\u00e7ais Michel Martel et Yvon Gerard avec Bigmountain Russia.<\/em><\/p>\n<p><strong><a name=\"4\"><\/a>LE PRIX.<\/strong><\/p>\n<p><strong>Le prix depend de la\u00a0quantit\u00e9\u00a0de gens dans l&#8217;groupe.<\/strong><\/p>\n<ul>\n<li>1 personne &#8212; 1300 euros<\/li>\n<li>2 personnes &#8212; 970 euros par personnes<\/li>\n<li>3 personnes ou plus &#8212; 850 euros par personnes<\/li>\n<\/ul>\n<p><strong>Le prix comprend:<\/strong><\/p>\n<ol>\n<li>L\u2019accueil a l\u2019aeroport Mineralni Vodi par un receptif local francophone ou anglephone.<\/li>\n<li>Le transfert aeroport Mineralni Vodi \/ la Vallee de Baksan, Terskol\/ Mineralni Vodi.<\/li>\n<li>Les transfert necessaire pour le programme d\u2019acclimatation et pour l\u2019ascension.<\/li>\n<li>L\u2019hebergement a l\u2019Hotel en demi-pension (3 nuis) (Une chambre poure 2 ou 3 perssone).<\/li>\n<li>L\u2019hebergement en refuge avec pension complete (4 nuis).<\/li>\n<li>La montee en telepherique.<\/li>\n<li>Un guide francophone ou anglephone pour le groupe durant le sejoure au Caucase. Un guide de haute montagne pour 3 personnes.<\/li>\n<li>Tout les permits et les registrations necessaires.<\/li>\n<\/ol>\n<p><strong>Le prix ne comprend pas:<\/strong><\/p>\n<ol>\n<li>Le visa d\u2019entree en Russie.<\/li>\n<li>La montee au rochers de Pastouckhova en snowcat (tracteur de neige) d\u2019ou la plupart des groupes prennent la route au sommet. Ca coute: 12000 rubles par personne vers 5100m. Note: Les tracteur de neige et les moto neige sont priv\u00e9es c&#8217;est pourquoi les prix ne sont pas fix\u00e9es.<\/li>\n<li>Equipment personnel (sac de couchage, crampons a glace, piolet etc.)<\/li>\n<li>L&#8217;assurance.<\/li>\n<\/ol>\n<p><a name=\"7\"><\/a><strong>CARTE DE L&#8217;ELBRUS.<\/strong><br \/>\n<a href=\"http:\/\/www.bigmountain.ru\/fr\/wp-content\/uploads\/2010\/02\/A1.jpg\"><img loading=\"lazy\" class=\"alignnone size-thumbnail wp-image-429\" title=\"A1\" src=\"http:\/\/www.bigmountain.ru\/fr\/wp-content\/uploads\/2010\/02\/A1-150x150.jpg\" alt=\"\" width=\"150\" height=\"150\" \/><\/a><a href=\"http:\/\/www.bigmountain.ru\/fr\/wp-content\/uploads\/2010\/02\/B1.jpg\"><img loading=\"lazy\" class=\"alignnone size-thumbnail wp-image-431\" title=\"B1\" src=\"http:\/\/www.bigmountain.ru\/fr\/wp-content\/uploads\/2010\/02\/B1-150x150.jpg\" alt=\"\" width=\"150\" height=\"150\" \/><\/a><a href=\"http:\/\/www.bigmountain.ru\/fr\/wp-content\/uploads\/2010\/02\/C1.jpg\"><img loading=\"lazy\" class=\"alignnone size-thumbnail wp-image-433\" title=\"C1\" src=\"http:\/\/www.bigmountain.ru\/fr\/wp-content\/uploads\/2010\/02\/C1-150x150.jpg\" alt=\"\" width=\"150\" height=\"150\" \/><\/a><a href=\"http:\/\/www.bigmountain.ru\/fr\/wp-content\/uploads\/2010\/02\/A2.jpg\"><img loading=\"lazy\" class=\"alignnone size-thumbnail wp-image-430\" title=\"A2\" src=\"http:\/\/www.bigmountain.ru\/fr\/wp-content\/uploads\/2010\/02\/A2-150x150.jpg\" alt=\"\" width=\"150\" height=\"150\" \/><\/a><a href=\"http:\/\/www.bigmountain.ru\/fr\/wp-content\/uploads\/2010\/02\/B2.jpg\"><img loading=\"lazy\" class=\"alignnone size-thumbnail wp-image-432\" title=\"B2\" src=\"http:\/\/www.bigmountain.ru\/fr\/wp-content\/uploads\/2010\/02\/B2-150x150.jpg\" alt=\"\" width=\"150\" height=\"150\" \/><\/a><a href=\"http:\/\/www.bigmountain.ru\/fr\/wp-content\/uploads\/2010\/02\/C2.jpg\"><img loading=\"lazy\" class=\"alignnone size-thumbnail wp-image-434\" title=\"C2\" src=\"http:\/\/www.bigmountain.ru\/fr\/wp-content\/uploads\/2010\/02\/C2-150x150.jpg\" alt=\"\" width=\"150\" height=\"150\" \/><\/a><\/p>\n","protected":false},"excerpt":{"rendered":"<p>Ascension de l\u2019Elbrouz par la face sud. Le programme. Le prix. Equipement necessaires. Le visa. Photos Video. Au sommet de l&#8217;Elbrus. Carte de l&#8217;Elbrus. ASCENSION DE L&#8217;ELBRUS. L&#8217;ITINERAIRE. L\u2019 itineraire de l\u2019ascension, repute classique, prend son depart de la vallee de Baksan et longe ensuite le flanc sud du massif. Pour les personnes jouissant d\u2019une &hellip; <a href=\"https:\/\/www.bigmountain.ru\/fr\/?page_id=27\" class=\"more-link\">\u0427\u0438\u0442\u0430\u0442\u044c \u0434\u0430\u043b\u0435\u0435 <span class=\"screen-reader-text\">Ascension de l&#8217;Elbrouz. Face sud.<\/span> <span class=\"meta-nav\">&rarr;<\/span><\/a><\/p>\n","protected":false},"author":1,"featured_media":0,"parent":132,"menu_order":1,"comment_status":"open","ping_status":"open","template":"","meta":[],"_links":{"self":[{"href":"https:\/\/www.bigmountain.ru\/fr\/index.php?rest_route=\/wp\/v2\/pages\/27"}],"collection":[{"href":"https:\/\/www.bigmountain.ru\/fr\/index.php?rest_route=\/wp\/v2\/pages"}],"about":[{"href":"https:\/\/www.bigmountain.ru\/fr\/index.php?rest_route=\/wp\/v2\/types\/page"}],"author":[{"embeddable":true,"href":"https:\/\/www.bigmountain.ru\/fr\/index.php?rest_route=\/wp\/v2\/users\/1"}],"replies":[{"embeddable":true,"href":"https:\/\/www.bigmountain.ru\/fr\/index.php?rest_route=%2Fwp%2Fv2%2Fcomments&post=27"}],"version-history":[{"count":98,"href":"https:\/\/www.bigmountain.ru\/fr\/index.php?rest_route=\/wp\/v2\/pages\/27\/revisions"}],"predecessor-version":[{"id":1336,"href":"https:\/\/www.bigmountain.ru\/fr\/index.php?rest_route=\/wp\/v2\/pages\/27\/revisions\/1336"}],"up":[{"embeddable":true,"href":"https:\/\/www.bigmountain.ru\/fr\/index.php?rest_route=\/wp\/v2\/pages\/132"}],"wp:attachment":[{"href":"https:\/\/www.bigmountain.ru\/fr\/index.php?rest_route=%2Fwp%2Fv2%2Fmedia&parent=27"}],"curies":[{"name":"wp","href":"https:\/\/api.w.org\/{rel}","templated":true}]}}