{"id":559,"date":"2013-02-22T15:23:09","date_gmt":"2013-02-22T12:23:09","guid":{"rendered":"http:\/\/www.bigmountain.ru\/fr\/?page_id=559"},"modified":"2017-04-20T11:42:50","modified_gmt":"2017-04-20T08:42:50","slug":"lascension-de-lelbrous-en-ski-de-randonnee-fase-sude","status":"publish","type":"page","link":"https:\/\/www.bigmountain.ru\/fr\/?page_id=559","title":{"rendered":"L&#8217;ascension de l&#8217;Elbrous en ski de randonnee. Fase sude."},"content":{"rendered":"<p><a href=\"http:\/\/www.bigmountain.ru\/fr\/bigmountain.ru\/www\/fr\/wp-content\/uploads\/2013\/02\/2.jpg\"><img loading=\"lazy\" class=\"alignnone size-full wp-image-754\" src=\"http:\/\/www.bigmountain.ru\/fr\/bigmountain.ru\/www\/fr\/wp-content\/uploads\/2013\/02\/2.jpg\" alt=\"L\u2019ASCENSION DE L\u2019ELBROUS EN SKI DE RANDONNEE\" width=\"924\" height=\"717\" srcset=\"https:\/\/www.bigmountain.ru\/fr\/bigmountain.ru\/www\/fr\/wp-content\/uploads\/2013\/02\/2.jpg 924w, https:\/\/www.bigmountain.ru\/fr\/bigmountain.ru\/www\/fr\/wp-content\/uploads\/2013\/02\/2-300x233.jpg 300w, https:\/\/www.bigmountain.ru\/fr\/bigmountain.ru\/www\/fr\/wp-content\/uploads\/2013\/02\/2-768x596.jpg 768w\" sizes=\"(max-width: 924px) 100vw, 924px\" \/><\/a><\/p>\n<table style=\"background-color: #0c7004;\">\n<tbody>\n<tr>\n<td><span style=\"color: #ffffff;\"><a style=\"color: #ffffff;\" href=\"#2\">Ascension de l\u2019Elbrouz en ski de randonnee ou avec snowboard par la face sud.<\/a><\/span><\/td>\n<\/tr>\n<tr>\n<td><span style=\"color: #ffffff;\"><a style=\"color: #ffffff;\" href=\"#3\">Le programme.<\/a><\/span><\/td>\n<\/tr>\n<tr>\n<td><span style=\"color: #ffffff;\"><a style=\"color: #ffffff;\" href=\"#4\">Le prix.<\/a><\/span><\/td>\n<\/tr>\n<tr>\n<td><span style=\"color: #ffffff;\"><a style=\"color: #ffffff;\" href=\"#8\">Equipement necessaires.<\/a><\/span><\/td>\n<\/tr>\n<tr>\n<td><span style=\"color: #ffffff;\"><a style=\"color: #ffffff;\" href=\"#5\">Le visa.<\/a><\/span><\/td>\n<\/tr>\n<tr>\n<td><span style=\"color: #ffffff;\"><a style=\"color: #ffffff;\" href=\"#7\">Photo.<\/a><\/span><\/td>\n<\/tr>\n<tr>\n<td><span style=\"color: #ffffff;\"><a style=\"color: #ffffff;\" href=\"#6\">Video.<\/a><\/span><\/td>\n<\/tr>\n<\/tbody>\n<\/table>\n<p><a name=\"2\"><\/a>Faire l\u2019ascension de l\u2019Elbrus en ski de randonnee ou en snowboard est possible durant toute la saison des ascensions, i.e. de la mi-avril \u00e0 septembre. M\u00eame en ao\u00fbt il est possible de descendre du sommet \u00e0 5642 m. d\u2019altitude jusqu\u2019au refuge de d\u00e9part situ\u00e9 \u00e0 3800m.<\/p>\n<p>Aussi nous vous proposons d\u2019atteindre le plus haut sommet d\u2019Europe et de descendre \u00e0 ski ou \u00e0 snowboard en empruntant soit le versant Sud \u2013 celui de l\u2019ascension, soit le versant Nord, celui des premiers conqu\u00e9rants. L\u2019ascension est r\u00e9alisable pour n\u2019importe quelle personne en bonne condition physique. Techniquement pas difficile, elle n\u00e9cessite n\u00e9anmoins de l\u2019endurance et une volont\u00e9 d\u2019aller jusqu\u2019au but.<\/p>\n<p><a href=\"http:\/\/www.bigmountain.ru\/fr\/bigmountain.ru\/www\/fr\/wp-content\/uploads\/2013\/02\/headersmall_UG1.jpg\"><img loading=\"lazy\" class=\"alignnone size-full wp-image-624\" src=\"http:\/\/www.bigmountain.ru\/fr\/bigmountain.ru\/www\/fr\/wp-content\/uploads\/2013\/02\/headersmall_UG1.jpg\" alt=\"ascension de l'elbrouz en ski de randonnee\" width=\"584\" height=\"180\" srcset=\"https:\/\/www.bigmountain.ru\/fr\/bigmountain.ru\/www\/fr\/wp-content\/uploads\/2013\/02\/headersmall_UG1.jpg 584w, https:\/\/www.bigmountain.ru\/fr\/bigmountain.ru\/www\/fr\/wp-content\/uploads\/2013\/02\/headersmall_UG1-300x92.jpg 300w, https:\/\/www.bigmountain.ru\/fr\/bigmountain.ru\/www\/fr\/wp-content\/uploads\/2013\/02\/headersmall_UG1-500x154.jpg 500w\" sizes=\"(max-width: 584px) 100vw, 584px\" \/><\/a><\/p>\n<p><a name=\"3\"><\/a><strong>LE PROGRAMME.<\/strong><\/p>\n<p>En g\u00e9n\u00e9ral le programme s\u2019\u00e9tale sur huit jours \u2013 d\u00e9lai optimal pour le succ\u00e8s de l\u2019ascension. Il inclue plusieurs sorties d\u2019acclimatation, la marche vers le sommet et quelques jours de r\u00e9serve.<\/p>\n<ul>\n<li><strong>R\u00e9gion: <\/strong>Caucase Central.<\/li>\n<li><strong>Exp\u00e9rience de\u00a0<\/strong><b>randonn\u00e9e<\/b>: non indispensable.<\/li>\n<li><strong>Niveau de ski: <\/strong>bon \u00e0 avanc\u00e9.<\/li>\n<li><strong>Condition physique: <\/strong>bonne (pas recommand\u00e9 aux personnes ayant des contrindications m\u00e9dicales).<\/li>\n<li><strong>Dur\u00e9e: <\/strong>8 jours.<\/li>\n<li><strong>Saison: <\/strong>mi-mai &#8212; fin juillet (normalement et en fonction des conditions de neige, il est possible de faire l\u2019ascension \u00e0 skis et en snowboard).<\/li>\n<li><strong>H\u00e9bergement: <\/strong>h\u00f4tel, refuge de haute montagne.<\/li>\n<li><strong>Prix: 650<\/strong>\u00a0euros par personne dans un groupe de 3.<\/li>\n<\/ul>\n<p><strong>Programme\u00a0:<\/strong><\/p>\n<p><strong>Jour 1\u00a0:<\/strong> Arriv\u00e9e \u00e0 l\u2019a\u00e9roport. Transfert au pied de l\u2019Elbrus, enregistrement et nuit \u00e0 l\u2019h\u00f4tel du village.<\/p>\n<p><strong>Jour 2\u00a0:<\/strong> Sortie d\u2019acclimatation, mont\u00e9e \u00e0 3500 m\u00e8tres et descente \u00e0 skis ou snowboard. Itin\u00e9raire en fonction des conditions m\u00e9t\u00e9o. Objectif \u2013 atteindre l\u2019altitude de 3500 m\u00e8tres au-dessus de la mer. Nuit au village.<\/p>\n<p><strong>Jour 3\u00a0:<\/strong> H\u00e9bergement au refuge. Sortie d\u2019acclimatation, mont\u00e9e \u00e0 4200 m\u00e8tres et descente \u00e0 skis ou snowboard. Objectif \u2013 atteindre l\u2019altitude de 4000 m\u00e8tres au-dessus du niveau de la mer. Nuit au refuge.<\/p>\n<p><strong>Jour 4\u00a0:<\/strong> Rortie d\u2019acclimatation, mont\u00e9e \u00e0 4700 m\u00e8tres et descente \u00e0 skis ou snowboard. Objectif \u2013 atteindre l\u2019altitude de 4700 m\u00e8tres au-dessus du niveau de la mer. Nuit au refuge.<\/p>\n<p><strong>Jour 5\u00a0:<\/strong> Repos. Nuit au refuge.<\/p>\n<p><strong>Jour 6\u00a0:<\/strong> Ascension. Nuit au refuge.<\/p>\n<p><strong>Jour 7\u00a0:<\/strong> Descente. Jour de r\u00e9serve en cas de mauvais temps. Nuit au village.<\/p>\n<p><strong>Jour 8\u00a0:<\/strong> D\u00e9part, transfert \u00e0 l\u2019a\u00e9roport\/\u00e0 la gare.<\/p>\n<p><a href=\"http:\/\/www.bigmountain.ru\/fr\/bigmountain.ru\/www\/fr\/wp-content\/uploads\/2013\/02\/1398517_338360553012490_3201333092675267283_o.jpg\"><img loading=\"lazy\" class=\"alignnone size-full wp-image-620\" src=\"http:\/\/www.bigmountain.ru\/fr\/bigmountain.ru\/www\/fr\/wp-content\/uploads\/2013\/02\/1398517_338360553012490_3201333092675267283_o.jpg\" alt=\"ascension de l'elbrouz et descente en snowboard\" width=\"1200\" height=\"750\" srcset=\"https:\/\/www.bigmountain.ru\/fr\/bigmountain.ru\/www\/fr\/wp-content\/uploads\/2013\/02\/1398517_338360553012490_3201333092675267283_o.jpg 1200w, https:\/\/www.bigmountain.ru\/fr\/bigmountain.ru\/www\/fr\/wp-content\/uploads\/2013\/02\/1398517_338360553012490_3201333092675267283_o-300x188.jpg 300w, https:\/\/www.bigmountain.ru\/fr\/bigmountain.ru\/www\/fr\/wp-content\/uploads\/2013\/02\/1398517_338360553012490_3201333092675267283_o-1024x640.jpg 1024w, https:\/\/www.bigmountain.ru\/fr\/bigmountain.ru\/www\/fr\/wp-content\/uploads\/2013\/02\/1398517_338360553012490_3201333092675267283_o-480x300.jpg 480w\" sizes=\"(max-width: 1200px) 100vw, 1200px\" \/><\/a><\/p>\n<p><a name=\"4\"><\/a><strong>Le prix depend de la\u00a0quantit\u00e9\u00a0de gens dans l\u2019groupe.<\/strong><\/p>\n<ul>\n<li>1 personne \u2014 1300 euros<\/li>\n<li>2 personnes \u2014 870\u00a0euros par personnes<\/li>\n<li>3 personnes ou plus \u2014 650 euros par personnes<\/li>\n<\/ul>\n<p><strong>Compris dans le prix\u00a0:<\/strong><\/p>\n<ol>\n<li>Transfert Mineralnye Vody \u2013 Terskol \u2013 Mineralnye Vody.<\/li>\n<li>S\u00e9jour \u00e0 l\u2019h\u00f4tel en demi-pension (3 nuits).<\/li>\n<li>S\u00e9jour au refuge de haute montagne en pension compl\u00e8te (4 nuits).<\/li>\n<li>Cuisinier \u00e0 disposition au refuge.<\/li>\n<li>Un guide francophone ou anglephone pour le groupe durant le sejoure au Caucase.<\/li>\n<li>1 guide de haute montagne pour un groupe de 3*.<\/li>\n<li>Remont\u00e9es m\u00e9caniques (mont\u00e9es et descentes pr\u00e9vues par le programme).<\/li>\n<li>Transferts sur place pr\u00e9vus par le programme.<\/li>\n<li>Tout les permits et les registrations n\u00e9cessaires.<\/li>\n<\/ol>\n<p><strong>*NB\u00a0: <\/strong>Il est impossible de pr\u00e9dire comment la personne va supporter la haute montagne. Si, dans un groupe de trois, il se trouve que quelqu\u2019un ne peut pas continuer l\u2019ascension, tout le groupe sera oblig\u00e9 de rebrousser chemin. C\u2019est la raison pour laquelle nous ne proposons pas de groupes de plus de trois touristes pour un guide.<\/p>\n<p><strong>Le prix ne comprend pas:<\/strong><\/p>\n<ol>\n<li>Le visa d\u2019entree en Russie.<\/li>\n<li>Le voyage jusqu\u2019\u00e0 Mineralnye Vody.<\/li>\n<li>La montee au rochers de Pastouckhova en snowcat (moto-neige) d\u2019ou la plupart des groupes prent la route au sommet. Environ 400 euro un snowcat. Cette somme est diviser entre tout les passagers du tracteur de neige, qui peut prendre environ 10 personnes.<\/li>\n<li>La montee au refuge. Environ 80 euro pour groupe.<\/li>\n<li>Equipment personnel (sac de couchage, crampons a glace, piolet etc.)<\/li>\n<li>Toute autre d\u00e9pense n\u2019\u00e9tant pas pr\u00e9vu par le programme.<\/li>\n<\/ol>\n<p><a name=\"5\"><\/a><strong>LE VISA.<\/strong><\/p>\n<p><strong>Pour obtenir le visa vous devez:<\/strong><\/p>\n<ol>\n<li>Avoir un passeport valable 6 mois apres la date de depart.<\/li>\n<li>Avoir une invitation, que nous vous envoyons selon votre demande (l&#8217;invitation n&#8217;est pas inclus dans le compte total).<\/li>\n<li>Avoir une assurance.<\/li>\n<li>Payer eviron 95 euros. La taxe depend de votre pays.Ici vous pouvez trouver l\u2019embasade ou le consulat le plus proche de chez vous: <a href=\"http:\/\/www.russianembassy.net\/\">Http:\/\/www.russianembassy.net<\/a><\/li>\n<\/ol>\n<p><strong>Pour l\u2019invitation nous avons besion de donnees suiventes:<\/strong><\/p>\n<ol>\n<li>Votre nom complet.<\/li>\n<li>La date de votre naissance.<\/li>\n<li>Votre citoyennete.<\/li>\n<li>Le numero du passeport.<\/li>\n<\/ol>\n<p><a name=\"8\"><\/a><strong>LISTE DES EQUIPEMENTS NECESSAIRES<\/strong><\/p>\n<p><em>Tous les \u00e9quipements peuvent \u00eatre lou\u00e9s sur place, \u00e0 l\u2019exception des splitboards, des peaux de phoque et des crampons \u00e0 fixer sur les skis-alpinisme.<\/em><\/p>\n<p><strong>Pour ce programme il est recommand\u00e9 de se munir de\u00a0:<\/strong><\/p>\n<ol>\n<li>Pour les skieurs \u2013 de skis de randonnee, de peaux de phoque et de crampons \u00e0 fixer sur les skis-alpinisme ;<\/li>\n<li>Pour les snowboardeurs \u2013 de splitboard, de peaux de phoque et de crampons\u00a0;<\/li>\n<\/ol>\n<p><strong>NB\u00a0:<\/strong> il est possible de prendre des skis ou un snowboard freeride, mais dans ce cas il faudra les porter, attach\u00e9s au sac \u00e0 dos ou s\u2019assurer les services (payants) d\u2019un porteur.<\/p>\n<ol>\n<li>Un thermos des 1 litre pour l&#8217;ascension<\/li>\n<li>Un sac de couchage T\u00b0 Confort jusqu\u2019\u00e0 -10\u00b0<\/li>\n<li>Une veste et un pantalon du type \u00ab\u00a0Gore-Tex\u00a0\u00bb\u00a0ou mat\u00e9riau semblable<\/li>\n<li>Une veste en duvet<\/li>\n<li>2 blouses polaires<\/li>\n<li>Un pantalon\u00a0polaires<\/li>\n<li>Des gu\u00eatres au cas ou le pantalon ne prot\u00e8ge pas les chaussures contre la neige<\/li>\n<li>Des chaussettes en quantit\u00e9 n\u00e9cessaires, dont une paire en laine<\/li>\n<li>Des gants chauds, des moufles chaudes ou que l&#8217;on peut enfiler pardessus les gants ou les moufles<\/li>\n<li>Un bonnet<\/li>\n<li>Une cagoule ou un masque prot\u00e9geant contre le vent et le froid<\/li>\n<li>Un\u00a0harnais<\/li>\n<li>Un auto-assurage<\/li>\n<li>2 mousquetons<\/li>\n<li>Des crampons<\/li>\n<li>Un piolet<\/li>\n<li>Des b\u00e2tons t\u00e9l\u00e9scopiques<\/li>\n<li>Des lunettes d\u2019alpinisme \u2013 classe 4<\/li>\n<li>Sac \u00e0 dos pour les ascensions (25-35 litres, l\u00e9ger)<\/li>\n<li>Sac \u00e0 dos pour les \u00e9quipements (75-90 litres) ou sac de paquetage<\/li>\n<li>Une lampe frontale, des piles et une ampoule de rechange<\/li>\n<li>Une cr\u00e8me solaire.<\/li>\n<\/ol>\n<p><a name=\"7\"><\/a><strong>PHOTO<\/strong><\/p>\n<div id='gallery-1' class='gallery galleryid-559 gallery-columns-3 gallery-size-thumbnail'><figure class='gallery-item'>\n\t\t\t<div class='gallery-icon landscape'>\n\t\t\t\t<a href='https:\/\/www.bigmountain.ru\/fr\/bigmountain.ru\/www\/fr\/wp-content\/uploads\/2013\/02\/1f.jpg'><img width=\"150\" height=\"150\" src=\"https:\/\/www.bigmountain.ru\/fr\/bigmountain.ru\/www\/fr\/wp-content\/uploads\/2013\/02\/1f-150x150.jpg\" class=\"attachment-thumbnail size-thumbnail\" alt=\"\" loading=\"lazy\" \/><\/a>\n\t\t\t<\/div><\/figure><figure class='gallery-item'>\n\t\t\t<div class='gallery-icon landscape'>\n\t\t\t\t<a href='https:\/\/www.bigmountain.ru\/fr\/bigmountain.ru\/www\/fr\/wp-content\/uploads\/2013\/02\/6.jpg'><img width=\"150\" height=\"150\" src=\"https:\/\/www.bigmountain.ru\/fr\/bigmountain.ru\/www\/fr\/wp-content\/uploads\/2013\/02\/6-150x150.jpg\" class=\"attachment-thumbnail size-thumbnail\" alt=\"L\u2019ASCENSION DE L\u2019ELBROUS EN SKI DE RANDONNEE\" loading=\"lazy\" \/><\/a>\n\t\t\t<\/div><\/figure><figure class='gallery-item'>\n\t\t\t<div class='gallery-icon landscape'>\n\t\t\t\t<a href='https:\/\/www.bigmountain.ru\/fr\/bigmountain.ru\/www\/fr\/wp-content\/uploads\/2013\/02\/3.jpg'><img width=\"150\" height=\"150\" src=\"https:\/\/www.bigmountain.ru\/fr\/bigmountain.ru\/www\/fr\/wp-content\/uploads\/2013\/02\/3-150x150.jpg\" class=\"attachment-thumbnail size-thumbnail\" alt=\"L\u2019ASCENSION DE L\u2019ELBROUS EN SKI DE RANDONNEE\" loading=\"lazy\" \/><\/a>\n\t\t\t<\/div><\/figure><figure class='gallery-item'>\n\t\t\t<div class='gallery-icon landscape'>\n\t\t\t\t<a href='https:\/\/www.bigmountain.ru\/fr\/bigmountain.ru\/www\/fr\/wp-content\/uploads\/2013\/02\/2.jpg'><img width=\"150\" height=\"150\" src=\"https:\/\/www.bigmountain.ru\/fr\/bigmountain.ru\/www\/fr\/wp-content\/uploads\/2013\/02\/2-150x150.jpg\" class=\"attachment-thumbnail size-thumbnail\" alt=\"L\u2019ASCENSION DE L\u2019ELBROUS EN SKI DE RANDONNEE\" loading=\"lazy\" \/><\/a>\n\t\t\t<\/div><\/figure><figure class='gallery-item'>\n\t\t\t<div class='gallery-icon landscape'>\n\t\t\t\t<a href='https:\/\/www.bigmountain.ru\/fr\/bigmountain.ru\/www\/fr\/wp-content\/uploads\/2013\/02\/adsu7.jpg'><img width=\"150\" height=\"150\" src=\"https:\/\/www.bigmountain.ru\/fr\/bigmountain.ru\/www\/fr\/wp-content\/uploads\/2013\/02\/adsu7-150x150.jpg\" class=\"attachment-thumbnail size-thumbnail\" alt=\"L\u2019ASCENSION DE L\u2019ELBROUS EN SKI DE RANDONNEE\" loading=\"lazy\" \/><\/a>\n\t\t\t<\/div><\/figure>\n\t\t<\/div>\n\n<p>&nbsp;<\/p>\n<p><a name=\"6\"><\/a><strong>VIDEO<\/strong><br \/>\n<iframe loading=\"lazy\" src=\"https:\/\/www.youtube.com\/embed\/UPF9_r_Qs8w\" width=\"584\" height=\"329\" frameborder=\"0\" allowfullscreen=\"allowfullscreen\"><\/iframe><\/p>\n","protected":false},"excerpt":{"rendered":"<p>Ascension de l\u2019Elbrouz en ski de randonnee ou avec snowboard par la face sud. Le programme. Le prix. Equipement necessaires. Le visa. Photo. Video. Faire l\u2019ascension de l\u2019Elbrus en ski de randonnee ou en snowboard est possible durant toute la saison des ascensions, i.e. de la mi-avril \u00e0 septembre. M\u00eame en ao\u00fbt il est possible &hellip; <a href=\"https:\/\/www.bigmountain.ru\/fr\/?page_id=559\" class=\"more-link\">\u0427\u0438\u0442\u0430\u0442\u044c \u0434\u0430\u043b\u0435\u0435 <span class=\"screen-reader-text\">L&#8217;ascension de l&#8217;Elbrous en ski de randonnee. Fase sude.<\/span> <span class=\"meta-nav\">&rarr;<\/span><\/a><\/p>\n","protected":false},"author":1,"featured_media":0,"parent":132,"menu_order":0,"comment_status":"closed","ping_status":"closed","template":"","meta":[],"_links":{"self":[{"href":"https:\/\/www.bigmountain.ru\/fr\/index.php?rest_route=\/wp\/v2\/pages\/559"}],"collection":[{"href":"https:\/\/www.bigmountain.ru\/fr\/index.php?rest_route=\/wp\/v2\/pages"}],"about":[{"href":"https:\/\/www.bigmountain.ru\/fr\/index.php?rest_route=\/wp\/v2\/types\/page"}],"author":[{"embeddable":true,"href":"https:\/\/www.bigmountain.ru\/fr\/index.php?rest_route=\/wp\/v2\/users\/1"}],"replies":[{"embeddable":true,"href":"https:\/\/www.bigmountain.ru\/fr\/index.php?rest_route=%2Fwp%2Fv2%2Fcomments&post=559"}],"version-history":[{"count":42,"href":"https:\/\/www.bigmountain.ru\/fr\/index.php?rest_route=\/wp\/v2\/pages\/559\/revisions"}],"predecessor-version":[{"id":938,"href":"https:\/\/www.bigmountain.ru\/fr\/index.php?rest_route=\/wp\/v2\/pages\/559\/revisions\/938"}],"up":[{"embeddable":true,"href":"https:\/\/www.bigmountain.ru\/fr\/index.php?rest_route=\/wp\/v2\/pages\/132"}],"wp:attachment":[{"href":"https:\/\/www.bigmountain.ru\/fr\/index.php?rest_route=%2Fwp%2Fv2%2Fmedia&parent=559"}],"curies":[{"name":"wp","href":"https:\/\/api.w.org\/{rel}","templated":true}]}}