{"id":579,"date":"2013-04-23T13:50:17","date_gmt":"2013-04-23T10:50:17","guid":{"rendered":"http:\/\/www.bigmountain.ru\/fr\/?page_id=579"},"modified":"2017-12-21T15:05:55","modified_gmt":"2017-12-21T12:05:55","slug":"ascension-de-lelbrouz-econom-pack","status":"publish","type":"page","link":"https:\/\/www.bigmountain.ru\/fr\/?page_id=579","title":{"rendered":"Ascension de Elbrus. Assistance logistique."},"content":{"rendered":"<p>&nbsp;<\/p>\n<p><a href=\"http:\/\/www.bigmountain.ru\/fr\/bigmountain.ru\/www\/fr\/wp-content\/uploads\/2013\/04\/ug_leto_b.jpg\"><img loading=\"lazy\" class=\"alignnone size-full wp-image-782\" src=\"http:\/\/www.bigmountain.ru\/fr\/bigmountain.ru\/www\/fr\/wp-content\/uploads\/2013\/04\/ug_leto_b.jpg\" alt=\"Ascension de l'Elbrus\" width=\"2017\" height=\"567\" srcset=\"https:\/\/www.bigmountain.ru\/fr\/bigmountain.ru\/www\/fr\/wp-content\/uploads\/2013\/04\/ug_leto_b.jpg 2017w, https:\/\/www.bigmountain.ru\/fr\/bigmountain.ru\/www\/fr\/wp-content\/uploads\/2013\/04\/ug_leto_b-300x84.jpg 300w, https:\/\/www.bigmountain.ru\/fr\/bigmountain.ru\/www\/fr\/wp-content\/uploads\/2013\/04\/ug_leto_b-768x216.jpg 768w, https:\/\/www.bigmountain.ru\/fr\/bigmountain.ru\/www\/fr\/wp-content\/uploads\/2013\/04\/ug_leto_b-1024x288.jpg 1024w\" sizes=\"(max-width: 2017px) 100vw, 2017px\" \/><\/a><\/p>\n<p>Pour ceux qui desire faire l&#8217;ascension de l&#8217;Elbrus sans guide, nous proposons une assistance logistique.<\/p>\n<p>En planifiant un voyage en Russie, particuli\u00e8rement a l&#8217;Elbrus, il faut se rendre compte que ici presque personne ne parle anglais. Sauf les grande ville comme Moscou et St.Petersburg. C&#8217;est difficile de communiquer avec les gens. En plus il existe quelques r\u00e8gles administratif obligatoire, tel que la registration sur place. Normalement, c&#8217;est l&#8217;h\u00f4tel qui doit le faire. Mes sur les pentes de l&#8217;Elbrus il n&#8217;y a que des refuges. C&#8217;est a dire que tout les \u00e9trangers on besoin de l&#8217;aide pour r\u00e9soudre se genre de probl\u00e8mes.<\/p>\n<p>C&#8217;est pourquoi nous pr\u00e9posons nos service pour organiser votre voyage dans notre r\u00e9gion.<\/p>\n<p>&nbsp;<\/p>\n<p><strong>Le prix: 270 euros<\/strong><\/p>\n<p><strong>Ce prix comprend:<\/strong><\/p>\n<ul>\n<li>Le transfert aeroport Mineralni Vodi \/ la Vallee de Baksan, Terskol \/ Mineralni Vodi.<\/li>\n<li>L\u2019hebergement a l\u2019hotel en demi-pension (3 nuis)<\/li>\n<li>L\u2019h\u00e9bergement en refuge sans pension (4 nuis)<\/li>\n<li>La registrations sur place obligatoire.<\/li>\n<\/ul>\n<p>Notre prix est baser sur un voyage de 8 jours comme ci dessous, mais il peut \u00eatre modifier selon vos voeux.<\/p>\n<p><strong>Jour 1.\u00a0<\/strong>Vol national MOSCOU\/ MINERAL VODY; transfert aeroport \u2014 la Vallee Baksan; Installation a l\u2019hotel; Nuit a l\u2019hotel.<\/p>\n<p><strong>Jour 2.<\/strong>\u00a0Ascension d\u2019acclimatation. Nuit a l\u2019hotel.<\/p>\n<p><strong>Jour 3.\u00a0<\/strong>Installation au refuge, ascension d\u2019acclimatation. Nuit au refuge.<\/p>\n<p><strong>Jour 4.<\/strong>\u00a0Ascension d\u2019acclimatation. Nuit en refuge.<\/p>\n<p><strong>Jour 5.<\/strong>\u00a0Derniere journee d\u2019acclimatation et repos. Nuit en refuge.<\/p>\n<p><strong>Jour 6.<\/strong>\u00a0Ascension du sommet Elbrouz (5640 m).\u00a0Nuit en refuge.<\/p>\n<p><strong>Jour 7.<\/strong>\u00a0Joure de reserve\/ trecking. Nuit en hotel.<\/p>\n<p><strong>Jour 8.<\/strong>\u00a0Transfert aeroport \u2014 vol national MINERAL VODY \/MOSCOU.<\/p>\n<p>&nbsp;<\/p>\n<p><a href=\"http:\/\/www.bigmountain.ru\/fr\/bigmountain.ru\/www\/fr\/wp-content\/uploads\/2013\/04\/IMG_0663.jpg\"><img loading=\"lazy\" class=\"alignnone size-full wp-image-783\" src=\"http:\/\/www.bigmountain.ru\/fr\/bigmountain.ru\/www\/fr\/wp-content\/uploads\/2013\/04\/IMG_0663.jpg\" alt=\"Ascension de l'Elbrus\" width=\"3072\" height=\"2048\" srcset=\"https:\/\/www.bigmountain.ru\/fr\/bigmountain.ru\/www\/fr\/wp-content\/uploads\/2013\/04\/IMG_0663.jpg 3072w, https:\/\/www.bigmountain.ru\/fr\/bigmountain.ru\/www\/fr\/wp-content\/uploads\/2013\/04\/IMG_0663-300x200.jpg 300w, https:\/\/www.bigmountain.ru\/fr\/bigmountain.ru\/www\/fr\/wp-content\/uploads\/2013\/04\/IMG_0663-768x512.jpg 768w, https:\/\/www.bigmountain.ru\/fr\/bigmountain.ru\/www\/fr\/wp-content\/uploads\/2013\/04\/IMG_0663-1024x683.jpg 1024w\" sizes=\"(max-width: 3072px) 100vw, 3072px\" \/><\/a><\/p>\n","protected":false},"excerpt":{"rendered":"<p>&nbsp; Pour ceux qui desire faire l&#8217;ascension de l&#8217;Elbrus sans guide, nous proposons une assistance logistique. En planifiant un voyage en Russie, particuli\u00e8rement a l&#8217;Elbrus, il faut se rendre compte que ici presque personne ne parle anglais. Sauf les grande ville comme Moscou et St.Petersburg. C&#8217;est difficile de communiquer avec les gens. En plus il &hellip; <a href=\"https:\/\/www.bigmountain.ru\/fr\/?page_id=579\" class=\"more-link\">\u0427\u0438\u0442\u0430\u0442\u044c \u0434\u0430\u043b\u0435\u0435 <span class=\"screen-reader-text\">Ascension de Elbrus. Assistance logistique.<\/span> <span class=\"meta-nav\">&rarr;<\/span><\/a><\/p>\n","protected":false},"author":1,"featured_media":0,"parent":0,"menu_order":0,"comment_status":"open","ping_status":"closed","template":"","meta":[],"_links":{"self":[{"href":"https:\/\/www.bigmountain.ru\/fr\/index.php?rest_route=\/wp\/v2\/pages\/579"}],"collection":[{"href":"https:\/\/www.bigmountain.ru\/fr\/index.php?rest_route=\/wp\/v2\/pages"}],"about":[{"href":"https:\/\/www.bigmountain.ru\/fr\/index.php?rest_route=\/wp\/v2\/types\/page"}],"author":[{"embeddable":true,"href":"https:\/\/www.bigmountain.ru\/fr\/index.php?rest_route=\/wp\/v2\/users\/1"}],"replies":[{"embeddable":true,"href":"https:\/\/www.bigmountain.ru\/fr\/index.php?rest_route=%2Fwp%2Fv2%2Fcomments&post=579"}],"version-history":[{"count":10,"href":"https:\/\/www.bigmountain.ru\/fr\/index.php?rest_route=\/wp\/v2\/pages\/579\/revisions"}],"predecessor-version":[{"id":1181,"href":"https:\/\/www.bigmountain.ru\/fr\/index.php?rest_route=\/wp\/v2\/pages\/579\/revisions\/1181"}],"wp:attachment":[{"href":"https:\/\/www.bigmountain.ru\/fr\/index.php?rest_route=%2Fwp%2Fv2%2Fmedia&parent=579"}],"curies":[{"name":"wp","href":"https:\/\/api.w.org\/{rel}","templated":true}]}}