{"id":632,"date":"2015-03-16T15:02:16","date_gmt":"2015-03-16T12:02:16","guid":{"rendered":"http:\/\/www.bigmountain.ru\/fr\/?page_id=632"},"modified":"2016-10-12T13:57:40","modified_gmt":"2016-10-12T10:57:40","slug":"lascension-de-lelbrus-par-le-versant-est","status":"publish","type":"page","link":"https:\/\/www.bigmountain.ru\/fr\/?page_id=632","title":{"rendered":"L&#8217;ascension de l&#8217;Elbrus par le versant Est."},"content":{"rendered":"<p><a href=\"http:\/\/www.bigmountain.ru\/fr\/bigmountain.ru\/www\/fr\/wp-content\/uploads\/2015\/03\/ia8-1-2.jpg\"><img loading=\"lazy\" class=\"alignnone size-full wp-image-633\" src=\"http:\/\/www.bigmountain.ru\/fr\/bigmountain.ru\/www\/fr\/wp-content\/uploads\/2015\/03\/ia8-1-2.jpg\" alt=\"L\u2019ascension de l\u2019Elbrus par le versant Est \" width=\"1200\" height=\"800\" srcset=\"https:\/\/www.bigmountain.ru\/fr\/bigmountain.ru\/www\/fr\/wp-content\/uploads\/2015\/03\/ia8-1-2.jpg 1200w, https:\/\/www.bigmountain.ru\/fr\/bigmountain.ru\/www\/fr\/wp-content\/uploads\/2015\/03\/ia8-1-2-300x200.jpg 300w, https:\/\/www.bigmountain.ru\/fr\/bigmountain.ru\/www\/fr\/wp-content\/uploads\/2015\/03\/ia8-1-2-1024x683.jpg 1024w, https:\/\/www.bigmountain.ru\/fr\/bigmountain.ru\/www\/fr\/wp-content\/uploads\/2015\/03\/ia8-1-2-450x300.jpg 450w\" sizes=\"(max-width: 1200px) 100vw, 1200px\" \/><\/a><\/p>\n<table bgcolor=\"#0c7004\">\n<tbody>\n<tr>\n<td><\/td>\n<td><span style=\"color: #ffffff;\"><a style=\"color: #ffffff;\" href=\"#2\">L\u2019ascension de l\u2019Elbrus par le versant Est et la gorge Irik Tchat. Information g\u00e9n\u00e9rale.<\/a><\/span><br \/>\n<span style=\"color: #ffffff;\"> <a style=\"color: #ffffff;\" href=\"#3\">Programme de l\u2019ascension.<\/a><\/span><br \/>\n<span style=\"color: #ffffff;\"> <a style=\"color: #ffffff;\" href=\"#4\">Prix.<\/a><\/span><br \/>\n<span style=\"color: #ffffff;\"> <a style=\"color: #ffffff;\" href=\"#5\">Liste des \u00e9quipements indispensables.<\/a><\/span><br \/>\n<span style=\"color: #ffffff;\"> <a style=\"color: #ffffff;\" href=\"#6\">Photos<\/a><\/span><\/td>\n<\/tr>\n<\/tbody>\n<\/table>\n<p><a name=\"2\"><\/a>A tous ceux qui veulent s\u2019essayer dans le vrai tourisme de haute montagne, nous proposons l\u2019ascension de l\u2019Elbrus par l\u2019Est et la Gorge Irik Tchat.<\/p>\n<p>Il s\u2019agit l\u00e0 d\u2019 une exp\u00e9dition assez \u00e9prouvante, n\u00e9cessitant une excellente condition physique et des entra\u00eenements pr\u00e9alables. Mais en guise de r\u00e9compense vous vous recevez la montagne sauvage, sans chemins, ni refuges. Chaque jour vous apporteras son lot de surprises\u00a0: vous passerez d\u2019\u00e9t\u00e9 en hiver, vous vous baignerez sous les chutes d\u2019eau, vous admirerez le surprenant plateau de glace Dzhikautchenkez et l\u2019impressionnant par ses dimensions crat\u00e8re lat\u00e9ral de l\u2019Elbrus, vous passerez la nuit sur l\u2019\u00eele de pierres au milieu des glaces, vous serez t\u00e9moin d\u2019un magnifique lever du soleil et ainsi de suite. Impossible de tout \u00e9num\u00e9rer. Mais l\u2019essentiel \u2013 c\u2019est que vous aurez l\u2019opportunit\u00e9 de mettre en \u00e9preuve vos capacit\u00e9s physiques et soit \u00e9largir les horizons du possible, soit prendre conscience de ses limites.<\/p>\n<p><a href=\"http:\/\/www.bigmountain.ru\/fr\/bigmountain.ru\/www\/fr\/wp-content\/uploads\/2015\/03\/ia21-2.jpg\"><img loading=\"lazy\" class=\"alignnone size-full wp-image-634\" src=\"http:\/\/www.bigmountain.ru\/fr\/bigmountain.ru\/www\/fr\/wp-content\/uploads\/2015\/03\/ia21-2.jpg\" alt=\"L\u2019ascension de l\u2019Elbrus par le versant Est \" width=\"1200\" height=\"800\" srcset=\"https:\/\/www.bigmountain.ru\/fr\/bigmountain.ru\/www\/fr\/wp-content\/uploads\/2015\/03\/ia21-2.jpg 1200w, https:\/\/www.bigmountain.ru\/fr\/bigmountain.ru\/www\/fr\/wp-content\/uploads\/2015\/03\/ia21-2-300x200.jpg 300w, https:\/\/www.bigmountain.ru\/fr\/bigmountain.ru\/www\/fr\/wp-content\/uploads\/2015\/03\/ia21-2-1024x683.jpg 1024w, https:\/\/www.bigmountain.ru\/fr\/bigmountain.ru\/www\/fr\/wp-content\/uploads\/2015\/03\/ia21-2-450x300.jpg 450w\" sizes=\"(max-width: 1200px) 100vw, 1200px\" \/><\/a><\/p>\n<p><strong>Description de l\u2019itin\u00e9raire.<\/strong><\/p>\n<p>L\u2019itin\u00e9raire commence au village Elbrus et suit la vall\u00e9e de la rivi\u00e8re IrikTchat. Il passe en bas par une pin\u00e8de et d\u00e9bouche petit \u00e0 petit sur des alpages. Ensuite le paysage devient de plus en plus rocailleux et, enfin, commence la zone des neiges \u00e9ternelles. Nous traversons le glacier en cord\u00e9e pour atteindre la coul\u00e9e volcanique Atchkeriakolski \u2013 une \u00eele de pierres encaiss\u00e9e dans les glaces. L\u00e0, nous dressons notre camp de base et nous entamons, all\u00e9g\u00e9s, la mont\u00e9e vers le sommet Est de l\u2019Elbrus.<\/p>\n<p><a href=\"http:\/\/www.bigmountain.ru\/fr\/bigmountain.ru\/www\/fr\/wp-content\/uploads\/2015\/03\/elbrus2.jpg\"><img loading=\"lazy\" class=\"alignnone size-full wp-image-635\" src=\"http:\/\/www.bigmountain.ru\/fr\/bigmountain.ru\/www\/fr\/wp-content\/uploads\/2015\/03\/elbrus2.jpg\" alt=\"L\u2019ascension de l\u2019Elbrus par le versant Est \" width=\"1636\" height=\"1112\" srcset=\"https:\/\/www.bigmountain.ru\/fr\/bigmountain.ru\/www\/fr\/wp-content\/uploads\/2015\/03\/elbrus2.jpg 1636w, https:\/\/www.bigmountain.ru\/fr\/bigmountain.ru\/www\/fr\/wp-content\/uploads\/2015\/03\/elbrus2-300x204.jpg 300w, https:\/\/www.bigmountain.ru\/fr\/bigmountain.ru\/www\/fr\/wp-content\/uploads\/2015\/03\/elbrus2-1024x696.jpg 1024w, https:\/\/www.bigmountain.ru\/fr\/bigmountain.ru\/www\/fr\/wp-content\/uploads\/2015\/03\/elbrus2-441x300.jpg 441w\" sizes=\"(max-width: 1636px) 100vw, 1636px\" \/><\/a><\/p>\n<p><a name=\"3\"><\/a><strong>Programme ascension de l\u2019Elbrus par le versant Est.<\/strong><\/p>\n<p><strong>Jour 1.<\/strong> Accueil \u00e0 l\u2019a\u00e9roport, transfert au village Terskol, rencontre des guides, contr\u00f4le de l\u2019\u00e9quipement et location du mat\u00e9riel qui manque. Nuit \u00e0 l\u2019h\u00f4tel.<\/p>\n<p><strong>Jour 2. <\/strong>D\u00e9but de l\u2019itin\u00e9raire. Depuis le village Elbrus nous prenons un sentier qui nous m\u00e8ne jusqu\u2019\u00e0 la fin de la pin\u00e8de. Dans cet endroit il existe un coin tr\u00e8s pittoresque qui nous rappelle le fameux tableau de Chichkine \u00ab\u00a0La for\u00eat de pins\u00a0\u00bb. Ceux qui veulent peuvent s\u2019offrir une baignade sous des chutes d\u2019eau non loin de l\u00e0. Altitude 2400 m. Nuit en tentes.<\/p>\n<p><strong>Jour 3.<\/strong> Nous remontons la gorge Irik Tchat jusqu\u2019\u00e0 l&#8217;endroit de la nuit\u00e9e \u00e0 3000 \u2013 3200 m. d\u2019altitude. Ici les alpages c\u00e8dent la place \u00e0 la rocaille et aux rochers. Nuit en tentes.<\/p>\n<p><strong>Jour 4.<\/strong> Mont\u00e9e au col Irik Tchat \u00e0 3660m. Ici nous sommes d\u00e9j\u00e0 au royaume des neiges \u00e9ternelles. Nous passons la nuit \u00e0 la Bosse Jaune \u2013 une sorte de promontoir dominant les glaciers. Un \u00e9tonnant paysage s\u2019offrira \u00e0 vos yeux\u00a0: le plateau de glace Dzhikautchenkez, une petite partie des r\u00e9gions attenantes \u00e0 l\u2019Elbrus du Nord avec le Pic Kalitsky derri\u00e8re, la vall\u00e9e Irik Tchat et le sommet Est de l\u2019Elbrus dans toute sa splendeur. Nuit en tentes.<\/p>\n<p><strong>Jour 5. <\/strong>Briefing et travers\u00e9e en cord\u00e9es du glacier pour rejoindre la coul\u00e9e volcanique Atchkeryakolski. Nuit en tentes \u00e0 4330 m\u00e8tres.<\/p>\n<p><strong>Jour 6.<\/strong> Repos. Nous profitons des paysages et nous reprenons nos forces avant l&#8217;assaut du sommet. Nuit en tentes.<\/p>\n<p><strong>Jour 7. <\/strong>R\u00e9veil \u00e0 2 heures du matin, d\u00e9part pour l\u2019ascension du sommet \u00e0 3 heures. La dur\u00e9e de l\u2019ascension est de 10-15 heures en moyenne. 14h00 \u2013 c\u2019est l\u2019heure t\u00e9moin. Si \u00e0 cette heure-ci nous n\u2019avons pas atteint le sommet, nous rebroussons chemin. Nuit en tentes.<\/p>\n<p><strong>Jour 8.<\/strong> Jour de r\u00e9serve en cas de mauvais temps. Nuit en tentes.<\/p>\n<p><strong>Jour 9. <\/strong>Jour de r\u00e9serve en cas de mauvais temps. Nuit en tentes.<\/p>\n<p><strong>Jour 10. <\/strong>Descente. En fonction des conditions m\u00e9t\u00e9orologiques la descente peut s\u2019effectuer par le m\u00eame chemin ou, pour changer, par la gorge de Terskol. Nuit en tentes.<\/p>\n<p><strong>Jour 11. <\/strong>Retour au village de Terskol o\u00f9 vous pourrez retrouver les bienfaits de la civilisation comme l\u2019eau chaude, le lit, le restaurant. Nuit \u00e0 l\u2019h\u00f4tel.<\/p>\n<p><strong>Jour 12.<\/strong>\u00a0D\u00e9part pour l\u2019a\u00e9roport.<\/p>\n<p><a name=\"4\"><\/a><strong>Prix.<\/strong><\/p>\n<p>700 euros\u00a0par personne dans un groupe de trois.<\/p>\n<p><strong>Que comprend ce prix\u00a0?<\/strong><\/p>\n<p>Essentiellement, c\u2019est la r\u00e9mun\u00e9ration du guide, responsable de votre s\u00e9curit\u00e9 et du succ\u00e8s de l\u2019entreprise. Aussi, en \u00e9tudiant les programmes des agences touristiques, est-il indispensable de faire attention \u00e0 la quantit\u00e9 de guides qui accompagneront le groupe. La pratique nous a appris que le strict minimum \u2013 c\u2019est un guide pour 3-4 personnes le jour de l\u2019ascension. Si pendant l\u2019ascension une personne dans un groupe de trois se sent mal, tout le monde doit rebrousser chemin, car le guide n\u2019a pas le droit de laisser quelqu\u2019un seul et encore moins le laisser descendre sans accompagnement et mettre ainsi en danger la vie et la sant\u00e9 du touriste.<\/p>\n<p>Le prix inclut \u00e9galement\u00a0:<\/p>\n<ol>\n<li>Un guide pour chaque 3-4 personnes.<\/li>\n<li>Le transfert Minvody \u2013 Terskol \u2013 Minvody.<\/li>\n<li>Le transfert Terskol \u2013 Elbrus \u2013 Terskol.<\/li>\n<li>2 nuits \u00e0 l\u2019h\u00f4tel en demi-pension.<\/li>\n<\/ol>\n<p><strong>Non compris dans le prix\u00a0:<\/strong><\/p>\n<ul>\n<li>Les produits alimentaires.<\/li>\n<li>La location des \u00e9quipements indispensables selon la liste.<\/li>\n<\/ul>\n<p><a href=\"http:\/\/www.bigmountain.ru\/fr\/bigmountain.ru\/www\/fr\/wp-content\/uploads\/2015\/03\/1091551_541673082564543_943222837_n-2.jpg\"><img loading=\"lazy\" class=\"alignnone wp-image-636 size-full\" src=\"http:\/\/www.bigmountain.ru\/fr\/bigmountain.ru\/www\/fr\/wp-content\/uploads\/2015\/03\/1091551_541673082564543_943222837_n-2.jpg\" alt=\"L'ascension de l'Elbrus par le versant Est\" width=\"960\" height=\"640\" srcset=\"https:\/\/www.bigmountain.ru\/fr\/bigmountain.ru\/www\/fr\/wp-content\/uploads\/2015\/03\/1091551_541673082564543_943222837_n-2.jpg 960w, https:\/\/www.bigmountain.ru\/fr\/bigmountain.ru\/www\/fr\/wp-content\/uploads\/2015\/03\/1091551_541673082564543_943222837_n-2-300x200.jpg 300w, https:\/\/www.bigmountain.ru\/fr\/bigmountain.ru\/www\/fr\/wp-content\/uploads\/2015\/03\/1091551_541673082564543_943222837_n-2-450x300.jpg 450w\" sizes=\"(max-width: 960px) 100vw, 960px\" \/><\/a><\/p>\n<p><a name=\"5\"><\/a><strong>Liste des \u00e9quipements indispensables.<\/strong><\/p>\n<ol>\n<li>Chaussures d\u2019alpinisme (en plastic ou en cuir).<\/li>\n<li>Chaussures de trekking.<\/li>\n<li>Crampons.<\/li>\n<li>Piolet.<\/li>\n<li>Cuissard.<\/li>\n<li>2 mousquetons.<\/li>\n<li>B\u00e2tons de trekking.<\/li>\n<li>Veste coupe-vent imperm\u00e9able sans sans doublure. Il est tr\u00e8s souhaitable qu\u2019elle soit en Gore-Tex ou en mat\u00e9riau semblable.<\/li>\n<li>Pantalons coupe-vent imperm\u00e9ables sans doublure. Il est tr\u00e8s souhaitable qu\u2019ils soient en Gore-Tex ou en mat\u00e9riau semblable.<\/li>\n<li>Gu\u00eatres.<\/li>\n<li>Veste en duvet avec capuchon. Elle prot\u00e8gera du vent et du froid pendant l\u2019ascension et en cas de situation extr\u00eame.<\/li>\n<li>Moufles chaudes, de pr\u00e9f\u00e9rence en duvet et que l&#8217;on peut enfiler par dessus les bords des manches de la veste.<\/li>\n<li>Gants \u00abpolaires\u00bb.<\/li>\n<li>Gants fonctionnels, une paire.<\/li>\n<li>Sous-v\u00eatements en mati\u00e8re thermo-isolante, haut et bas.<\/li>\n<li>Blouse polaire, \u00e9paisse.<\/li>\n<li>Pantalons polaires, \u00e9pais.<\/li>\n<li>1 ou 2 tee-shirts en coton.<\/li>\n<li>Chaussettes de trekking, 2 paires.<\/li>\n<li>Chaussettes de laine, \u00e9paisses, 2 paires.<\/li>\n<li>Chaussettes de laine pour le trekking, 1 paire.<\/li>\n<li>Bonnet \u00e9pais<span lang=\"ru-RU\">\u044e<\/span><\/li>\n<li><span lang=\"ru-RU\">\u0421<\/span>agoule\/masque\/buff (tour-de-cou tubulaire).<\/li>\n<li>Panama.<\/li>\n<li>Sac \u00e0 dos de 90 litres +\/- 10 litres.<\/li>\n<li>Sac de couchage T\u00b0 Confort -10\u00b0.<\/li>\n<li>Tente.<\/li>\n<li>Gobelet, soupi\u00e8re, cuill\u00e8re, canif, petite casserole.<\/li>\n<li>Br\u00fbleur et ses bouteille de gaz.<\/li>\n<li>Bouteille thermo-isolante de 1 litre.<\/li>\n<li>Bouteille en plastic de 1-1,5 litre.<\/li>\n<li>Lunette d\u2019alpinisme, ferm\u00e9e sur les c\u00f4t\u00e9s.<\/li>\n<li>Cagoule prot\u00e9geant contre le froid et le vent.<\/li>\n<li>Petite lampe frontale et des piles de rechange.<\/li>\n<li>Cr\u00e8me solaire, protection totale (au moins indice 50).<\/li>\n<li>Housse de protection contre la pluie pour le sac \u00e0 dos (il est recommand\u00e9 de mettre \u00e0 l\u2019int\u00e9rieur du sac \u00e0 dos un sac poubelle robuste pour se pr\u00e9munir des impr\u00e9vues ).<\/li>\n<\/ol>\n<p><a name=\"6\"><\/a><\/p>\n<div id='gallery-1' class='gallery galleryid-632 gallery-columns-3 gallery-size-thumbnail'><figure class='gallery-item'>\n\t\t\t<div class='gallery-icon landscape'>\n\t\t\t\t<a href='https:\/\/www.bigmountain.ru\/fr\/?attachment_id=637'><img width=\"150\" height=\"150\" src=\"https:\/\/www.bigmountain.ru\/fr\/bigmountain.ru\/www\/fr\/wp-content\/uploads\/2015\/03\/ias91-2-150x150.jpg\" class=\"attachment-thumbnail size-thumbnail\" alt=\"L&#039;ascension de l&#039;Elbrus par le versant Est\" loading=\"lazy\" \/><\/a>\n\t\t\t<\/div><\/figure><figure class='gallery-item'>\n\t\t\t<div class='gallery-icon landscape'>\n\t\t\t\t<a href='https:\/\/www.bigmountain.ru\/fr\/?attachment_id=638'><img width=\"150\" height=\"150\" src=\"https:\/\/www.bigmountain.ru\/fr\/bigmountain.ru\/www\/fr\/wp-content\/uploads\/2015\/03\/as51-2-150x150.jpg\" class=\"attachment-thumbnail size-thumbnail\" alt=\"\" loading=\"lazy\" \/><\/a>\n\t\t\t<\/div><\/figure><figure class='gallery-item'>\n\t\t\t<div class='gallery-icon landscape'>\n\t\t\t\t<a href='https:\/\/www.bigmountain.ru\/fr\/?attachment_id=639'><img width=\"150\" height=\"150\" src=\"https:\/\/www.bigmountain.ru\/fr\/bigmountain.ru\/www\/fr\/wp-content\/uploads\/2015\/03\/ias61-2-150x150.jpg\" class=\"attachment-thumbnail size-thumbnail\" alt=\"\" loading=\"lazy\" \/><\/a>\n\t\t\t<\/div><\/figure><figure class='gallery-item'>\n\t\t\t<div class='gallery-icon landscape'>\n\t\t\t\t<a href='https:\/\/www.bigmountain.ru\/fr\/?attachment_id=640'><img width=\"150\" height=\"150\" src=\"https:\/\/www.bigmountain.ru\/fr\/bigmountain.ru\/www\/fr\/wp-content\/uploads\/2015\/03\/ia151-2-150x150.jpg\" class=\"attachment-thumbnail size-thumbnail\" alt=\"\" loading=\"lazy\" \/><\/a>\n\t\t\t<\/div><\/figure><figure class='gallery-item'>\n\t\t\t<div class='gallery-icon landscape'>\n\t\t\t\t<a href='https:\/\/www.bigmountain.ru\/fr\/?attachment_id=641'><img width=\"150\" height=\"150\" src=\"https:\/\/www.bigmountain.ru\/fr\/bigmountain.ru\/www\/fr\/wp-content\/uploads\/2015\/03\/ia91-2-150x150.jpg\" class=\"attachment-thumbnail size-thumbnail\" alt=\"\" loading=\"lazy\" \/><\/a>\n\t\t\t<\/div><\/figure><figure class='gallery-item'>\n\t\t\t<div class='gallery-icon landscape'>\n\t\t\t\t<a href='https:\/\/www.bigmountain.ru\/fr\/?attachment_id=642'><img width=\"150\" height=\"150\" src=\"https:\/\/www.bigmountain.ru\/fr\/bigmountain.ru\/www\/fr\/wp-content\/uploads\/2015\/03\/ia61-2-150x150.jpg\" class=\"attachment-thumbnail size-thumbnail\" alt=\"\" loading=\"lazy\" \/><\/a>\n\t\t\t<\/div><\/figure><figure class='gallery-item'>\n\t\t\t<div class='gallery-icon landscape'>\n\t\t\t\t<a href='https:\/\/www.bigmountain.ru\/fr\/?attachment_id=643'><img width=\"150\" height=\"150\" src=\"https:\/\/www.bigmountain.ru\/fr\/bigmountain.ru\/www\/fr\/wp-content\/uploads\/2015\/03\/as91-2-150x150.jpg\" class=\"attachment-thumbnail size-thumbnail\" alt=\"\" loading=\"lazy\" \/><\/a>\n\t\t\t<\/div><\/figure><figure class='gallery-item'>\n\t\t\t<div class='gallery-icon landscape'>\n\t\t\t\t<a href='https:\/\/www.bigmountain.ru\/fr\/?attachment_id=644'><img width=\"150\" height=\"150\" src=\"https:\/\/www.bigmountain.ru\/fr\/bigmountain.ru\/www\/fr\/wp-content\/uploads\/2015\/03\/as101-2-150x150.jpg\" class=\"attachment-thumbnail size-thumbnail\" alt=\"\" loading=\"lazy\" \/><\/a>\n\t\t\t<\/div><\/figure><figure class='gallery-item'>\n\t\t\t<div class='gallery-icon landscape'>\n\t\t\t\t<a href='https:\/\/www.bigmountain.ru\/fr\/?attachment_id=645'><img width=\"150\" height=\"150\" src=\"https:\/\/www.bigmountain.ru\/fr\/bigmountain.ru\/www\/fr\/wp-content\/uploads\/2015\/03\/ia11-1-2-150x150.jpg\" class=\"attachment-thumbnail size-thumbnail\" alt=\"\" loading=\"lazy\" \/><\/a>\n\t\t\t<\/div><\/figure><figure class='gallery-item'>\n\t\t\t<div class='gallery-icon portrait'>\n\t\t\t\t<a href='https:\/\/www.bigmountain.ru\/fr\/?attachment_id=646'><img width=\"150\" height=\"150\" src=\"https:\/\/www.bigmountain.ru\/fr\/bigmountain.ru\/www\/fr\/wp-content\/uploads\/2015\/03\/ia12-1-2-150x150.jpg\" class=\"attachment-thumbnail size-thumbnail\" alt=\"\" loading=\"lazy\" \/><\/a>\n\t\t\t<\/div><\/figure><figure class='gallery-item'>\n\t\t\t<div class='gallery-icon landscape'>\n\t\t\t\t<a href='https:\/\/www.bigmountain.ru\/fr\/?attachment_id=647'><img width=\"150\" height=\"150\" src=\"https:\/\/www.bigmountain.ru\/fr\/bigmountain.ru\/www\/fr\/wp-content\/uploads\/2015\/03\/ia51-2-150x150.jpg\" class=\"attachment-thumbnail size-thumbnail\" alt=\"\" loading=\"lazy\" \/><\/a>\n\t\t\t<\/div><\/figure><figure class='gallery-item'>\n\t\t\t<div class='gallery-icon landscape'>\n\t\t\t\t<a href='https:\/\/www.bigmountain.ru\/fr\/?attachment_id=648'><img width=\"150\" height=\"150\" src=\"https:\/\/www.bigmountain.ru\/fr\/bigmountain.ru\/www\/fr\/wp-content\/uploads\/2015\/03\/as21-2-150x150.jpg\" class=\"attachment-thumbnail size-thumbnail\" alt=\"\" loading=\"lazy\" \/><\/a>\n\t\t\t<\/div><\/figure><figure class='gallery-item'>\n\t\t\t<div class='gallery-icon landscape'>\n\t\t\t\t<a href='https:\/\/www.bigmountain.ru\/fr\/?attachment_id=649'><img width=\"150\" height=\"150\" src=\"https:\/\/www.bigmountain.ru\/fr\/bigmountain.ru\/www\/fr\/wp-content\/uploads\/2015\/03\/ias51-2-150x150.jpg\" class=\"attachment-thumbnail size-thumbnail\" alt=\"\" loading=\"lazy\" \/><\/a>\n\t\t\t<\/div><\/figure><figure class='gallery-item'>\n\t\t\t<div class='gallery-icon landscape'>\n\t\t\t\t<a href='https:\/\/www.bigmountain.ru\/fr\/?attachment_id=650'><img width=\"150\" height=\"150\" src=\"https:\/\/www.bigmountain.ru\/fr\/bigmountain.ru\/www\/fr\/wp-content\/uploads\/2015\/03\/ias4-1-2-150x150.jpg\" class=\"attachment-thumbnail size-thumbnail\" alt=\"\" loading=\"lazy\" \/><\/a>\n\t\t\t<\/div><\/figure><figure class='gallery-item'>\n\t\t\t<div class='gallery-icon landscape'>\n\t\t\t\t<a href='https:\/\/www.bigmountain.ru\/fr\/?attachment_id=651'><img width=\"150\" height=\"150\" src=\"https:\/\/www.bigmountain.ru\/fr\/bigmountain.ru\/www\/fr\/wp-content\/uploads\/2015\/03\/ia41-2-150x150.jpg\" class=\"attachment-thumbnail size-thumbnail\" alt=\"\" loading=\"lazy\" \/><\/a>\n\t\t\t<\/div><\/figure><figure class='gallery-item'>\n\t\t\t<div class='gallery-icon landscape'>\n\t\t\t\t<a href='https:\/\/www.bigmountain.ru\/fr\/?attachment_id=652'><img width=\"150\" height=\"150\" src=\"https:\/\/www.bigmountain.ru\/fr\/bigmountain.ru\/www\/fr\/wp-content\/uploads\/2015\/03\/ias3-1-2-150x150.jpg\" class=\"attachment-thumbnail size-thumbnail\" alt=\"\" loading=\"lazy\" \/><\/a>\n\t\t\t<\/div><\/figure><figure class='gallery-item'>\n\t\t\t<div class='gallery-icon landscape'>\n\t\t\t\t<a href='https:\/\/www.bigmountain.ru\/fr\/?attachment_id=653'><img width=\"150\" height=\"150\" src=\"https:\/\/www.bigmountain.ru\/fr\/bigmountain.ru\/www\/fr\/wp-content\/uploads\/2015\/03\/ias21-2-150x150.jpg\" class=\"attachment-thumbnail size-thumbnail\" alt=\"\" loading=\"lazy\" \/><\/a>\n\t\t\t<\/div><\/figure><figure class='gallery-item'>\n\t\t\t<div class='gallery-icon landscape'>\n\t\t\t\t<a href='https:\/\/www.bigmountain.ru\/fr\/?attachment_id=654'><img width=\"150\" height=\"150\" src=\"https:\/\/www.bigmountain.ru\/fr\/bigmountain.ru\/www\/fr\/wp-content\/uploads\/2015\/03\/ias11-2-150x150.jpg\" class=\"attachment-thumbnail size-thumbnail\" alt=\"\" loading=\"lazy\" \/><\/a>\n\t\t\t<\/div><\/figure><figure class='gallery-item'>\n\t\t\t<div class='gallery-icon landscape'>\n\t\t\t\t<a href='https:\/\/www.bigmountain.ru\/fr\/?attachment_id=655'><img width=\"150\" height=\"150\" src=\"https:\/\/www.bigmountain.ru\/fr\/bigmountain.ru\/www\/fr\/wp-content\/uploads\/2015\/03\/as71-2-150x150.jpg\" class=\"attachment-thumbnail size-thumbnail\" alt=\"\" loading=\"lazy\" \/><\/a>\n\t\t\t<\/div><\/figure><figure class='gallery-item'>\n\t\t\t<div class='gallery-icon landscape'>\n\t\t\t\t<a href='https:\/\/www.bigmountain.ru\/fr\/?attachment_id=656'><img width=\"150\" height=\"150\" src=\"https:\/\/www.bigmountain.ru\/fr\/bigmountain.ru\/www\/fr\/wp-content\/uploads\/2015\/03\/1091551_541673082564543_943222837_n-21-150x150.jpg\" class=\"attachment-thumbnail size-thumbnail\" alt=\"\" loading=\"lazy\" \/><\/a>\n\t\t\t<\/div><\/figure>\n\t\t<\/div>\n\n","protected":false},"excerpt":{"rendered":"<p>L\u2019ascension de l\u2019Elbrus par le versant Est et la gorge Irik Tchat. Information g\u00e9n\u00e9rale. Programme de l\u2019ascension. Prix. Liste des \u00e9quipements indispensables. Photos A tous ceux qui veulent s\u2019essayer dans le vrai tourisme de haute montagne, nous proposons l\u2019ascension de l\u2019Elbrus par l\u2019Est et la Gorge Irik Tchat. Il s\u2019agit l\u00e0 d\u2019 une exp\u00e9dition assez &hellip; <a href=\"https:\/\/www.bigmountain.ru\/fr\/?page_id=632\" class=\"more-link\">\u0427\u0438\u0442\u0430\u0442\u044c \u0434\u0430\u043b\u0435\u0435 <span class=\"screen-reader-text\">L&#8217;ascension de l&#8217;Elbrus par le versant Est.<\/span> <span class=\"meta-nav\">&rarr;<\/span><\/a><\/p>\n","protected":false},"author":1,"featured_media":0,"parent":0,"menu_order":0,"comment_status":"closed","ping_status":"closed","template":"","meta":[],"_links":{"self":[{"href":"https:\/\/www.bigmountain.ru\/fr\/index.php?rest_route=\/wp\/v2\/pages\/632"}],"collection":[{"href":"https:\/\/www.bigmountain.ru\/fr\/index.php?rest_route=\/wp\/v2\/pages"}],"about":[{"href":"https:\/\/www.bigmountain.ru\/fr\/index.php?rest_route=\/wp\/v2\/types\/page"}],"author":[{"embeddable":true,"href":"https:\/\/www.bigmountain.ru\/fr\/index.php?rest_route=\/wp\/v2\/users\/1"}],"replies":[{"embeddable":true,"href":"https:\/\/www.bigmountain.ru\/fr\/index.php?rest_route=%2Fwp%2Fv2%2Fcomments&post=632"}],"version-history":[{"count":6,"href":"https:\/\/www.bigmountain.ru\/fr\/index.php?rest_route=\/wp\/v2\/pages\/632\/revisions"}],"predecessor-version":[{"id":781,"href":"https:\/\/www.bigmountain.ru\/fr\/index.php?rest_route=\/wp\/v2\/pages\/632\/revisions\/781"}],"wp:attachment":[{"href":"https:\/\/www.bigmountain.ru\/fr\/index.php?rest_route=%2Fwp%2Fv2%2Fmedia&parent=632"}],"curies":[{"name":"wp","href":"https:\/\/api.w.org\/{rel}","templated":true}]}}