{"id":665,"date":"2015-03-16T16:42:32","date_gmt":"2015-03-16T13:42:32","guid":{"rendered":"http:\/\/www.bigmountain.ru\/fr\/?page_id=665"},"modified":"2017-12-20T14:35:09","modified_gmt":"2017-12-20T11:35:09","slug":"du-sud-au-nord-de-lelbrus-par-le-chemin-de-travers","status":"publish","type":"page","link":"https:\/\/www.bigmountain.ru\/fr\/?page_id=665","title":{"rendered":"La travers\u00e9e de Elbrus du Sud au Nord."},"content":{"rendered":"<p><a href=\"http:\/\/www.bigmountain.ru\/fr\/bigmountain.ru\/www\/fr\/wp-content\/uploads\/2015\/03\/travers.jpg\"><img loading=\"lazy\" class=\"alignnone size-full wp-image-666\" src=\"http:\/\/www.bigmountain.ru\/fr\/bigmountain.ru\/www\/fr\/wp-content\/uploads\/2015\/03\/travers.jpg\" alt=\"Du Sud au Nord de l\u2019Elbrus par le chemin de travers\" width=\"1200\" height=\"790\" srcset=\"https:\/\/www.bigmountain.ru\/fr\/bigmountain.ru\/www\/fr\/wp-content\/uploads\/2015\/03\/travers.jpg 1200w, https:\/\/www.bigmountain.ru\/fr\/bigmountain.ru\/www\/fr\/wp-content\/uploads\/2015\/03\/travers-300x198.jpg 300w, https:\/\/www.bigmountain.ru\/fr\/bigmountain.ru\/www\/fr\/wp-content\/uploads\/2015\/03\/travers-1024x674.jpg 1024w, https:\/\/www.bigmountain.ru\/fr\/bigmountain.ru\/www\/fr\/wp-content\/uploads\/2015\/03\/travers-456x300.jpg 456w\" sizes=\"(max-width: 1200px) 100vw, 1200px\" \/><\/a><\/p>\n<table bgcolor=\"#0c7004\">\n<tbody>\n<tr>\n<td><\/td>\n<td><span style=\"color: #ffffff;\"><a style=\"color: #ffffff;\" href=\"#2\">Ascension de l\u2019Elbrouz par la face Sud et descente par la face North..<\/a><\/span><br \/>\n<span style=\"color: #ffffff;\"> <a style=\"color: #ffffff;\" href=\"#3\">Le programme.<\/a><\/span><br \/>\n<span style=\"color: #ffffff;\"> <a style=\"color: #ffffff;\" href=\"#4\">Le prix.<\/a><\/span><br \/>\n<a href=\"http:\/\/www.bigmountain.ru\/fr\/?page_id=1130\"><span style=\"color: #ffffff;\"> Equipement necessaires.<\/span><\/a><br \/>\n<a href=\"http:\/\/www.bigmountain.ru\/fr\/?page_id=1041\"><span style=\"color: #ffffff;\"> Le visa.<\/span><\/a><br \/>\n<span style=\"color: #ffffff;\"> Photos<\/span><br \/>\n<span style=\"color: #ffffff;\"> <a style=\"color: #ffffff;\" href=\"#8\">Video. Traversee de Elbrus en mai 2016.<\/a><\/span><\/td>\n<\/tr>\n<\/tbody>\n<\/table>\n<p><a name=\"2\"><\/a>Cette randonn\u00e9e peut devenir une vraie aventure\u00a0! Tout le charme r\u00e9side dans la possibilit\u00e9 de voir Elbrus des deux c\u00f4t\u00e9s et de multiplier les impressions du voyage. En outre cet itin\u00e9raire permet de profiter des avantages tant du Sud que du Nord. L\u2019ascension de l\u2019Elbrus par le Sud est moins difficile, et la descente par le Nord est effarante de par la beaut\u00e9 de la nature sauvage et l\u2019\u00e9loignement de la civilisation.<\/p>\n<p><a name=\"3\"><\/a>LE PROGRAMME.<a href=\"http:\/\/www.bigmountain.ru\/fr\/bigmountain.ru\/www\/fr\/wp-content\/uploads\/2017\/12\/MG_5396_RJ.jpg\"><img loading=\"lazy\" class=\"alignnone size-full wp-image-1166\" src=\"http:\/\/www.bigmountain.ru\/fr\/bigmountain.ru\/www\/fr\/wp-content\/uploads\/2017\/12\/MG_5396_RJ.jpg\" alt=\"traversee de elbrus\" width=\"3504\" height=\"2336\" srcset=\"https:\/\/www.bigmountain.ru\/fr\/bigmountain.ru\/www\/fr\/wp-content\/uploads\/2017\/12\/MG_5396_RJ.jpg 3504w, https:\/\/www.bigmountain.ru\/fr\/bigmountain.ru\/www\/fr\/wp-content\/uploads\/2017\/12\/MG_5396_RJ-300x200.jpg 300w, https:\/\/www.bigmountain.ru\/fr\/bigmountain.ru\/www\/fr\/wp-content\/uploads\/2017\/12\/MG_5396_RJ-768x512.jpg 768w, https:\/\/www.bigmountain.ru\/fr\/bigmountain.ru\/www\/fr\/wp-content\/uploads\/2017\/12\/MG_5396_RJ-1024x683.jpg 1024w\" sizes=\"(max-width: 3504px) 100vw, 3504px\" \/><\/a><\/p>\n<ul>\n<li><strong>Region :<\/strong> le caucase central, mont Elbrouz.<\/li>\n<li><strong>Niveau :<\/strong> pour randonneur en bonne forme physique.<\/li>\n<li><strong>Duree :<\/strong>\u00a010 jours.<\/li>\n<li><strong>Encadrement :<\/strong>\u00a0un guide de haute montagne local et accueilleure francophone ou anglophone.<\/li>\n<li><strong>Hebergement : <\/strong>hotel et refuge.<\/li>\n<li><strong>Dates:<\/strong>\u00a0fin avril \u2014 d\u00e9but septembre.<\/li>\n<li><strong>Tip :\u00a0<\/strong>a pied ou en\u00a0ski de randonn\u00e9e.<\/li>\n<li><strong>Sommet: \u00a0<\/strong>Est ou Ouest, selon la volont\u00e9 du groupe.<\/li>\n<\/ul>\n<p><strong>Jour 1. Vol national Moscou \u2013 Mineralni Vody.<\/strong><\/p>\n<p>A l\u2019a\u00e9roport de MV notre guide francophone vous rencontrera et vous allez partir pour la vall\u00e9e de Baksan au village Terskol (2100 \u043c) ou vous passerez la nuit dans un h\u00f4tel.<\/p>\n<p><strong>Jour 2. Ascension d\u2019acclimatation au pic Tcheget.<\/strong><\/p>\n<p>Le matin on va vert mt. Tcheget et on prend le t\u00e9l\u00e9ph\u00e9rique qui va nous amener jusqu&#8217;\u00e0 l\u2019hauteur de 2600 m. d\u2019ou on commence montter a pied vers le sommet Malii Tcheget (3460 m., 860 m. vertical, 2 heures de marche). De se point la une vue fantastique sur l\u2019Elbrus s\u2019ouvre. Nuit a l\u2019hotel (2100m.)<\/p>\n<p><strong>Jour 3. Ascension d\u2019acclimatation vers le Refuge de 11.<\/strong><\/p>\n<p>Ce jour la on prend le telepherique a l\u2019Ebrus et on monte vers la station Kara-Bashi (3700m.) On s\u2019installe dans le refuge ou on va passez plusieurs jours. Puis on sort pour une ascension d\u2019acclimatation vers le Refuge de\u00a011 (4050m., 350 metres vertical, 2 heurs de marche). Nuis dans le refuge (3700m.)<\/p>\n<p><strong>Jour 4.<\/strong>\u00a0<strong>Ascension d\u2019acclimatation au Pastouckhova rocks.<\/strong><\/p>\n<p>Aujourd\u2019hui on monte au Rochez de Pastuckhov. (4800 \u043c, 1100 metres vertical, 4-5 heurs de marche). Nuit en refuge.<\/p>\n<p><strong>Jour 5.<\/strong> <strong>Jour de repos avent l\u2019ascension.<\/strong><\/p>\n<p>Derni\u00e8re journ\u00e9e d\u2019acclimatation et repos. Ce jour-la on d\u00e9cide au quel sommet de l&#8217;Elbrus on va aller (Ouest 5642m. ou Est 5621m.) et si on va prendre a tracteur de neige pour monter a 4600 ou non. Diner tot. Nuit en refuge.<\/p>\n<p><strong>Jour 6.<\/strong> <strong>Ascension du sommet Elbrouz.<\/strong><\/p>\n<p>Le jour du sommet on se l\u00e8ve a 2-3 heurs du matin selon les condition m\u00e9t\u00e9orologique et on part du refuge a 3-4 heurs. On peut prendre le snow-cat (tracteur) qui am\u00e8ne vers les Rochez de Pastouckhov et commencer l ascension des 4700m. Ca \u00e9conomise 3-4 heurs de marche, mais le prix n\u2019est pas inclus dans le programme. On marche vers le sommet 7-10 heurs. Si on a de la chance une vue splendide s\u2019ouvre du sommet de l\u2019Elbrus sur toute la chaine du Caucase. Puis, on commence la descente par la face North ou on d\u00e9couvert un paysage tout a fait diff\u00e9rent. La descente du sommet prend 4-5 heures et on sera dans notre refuge a 15-18 heures. Nuit dans le refuge du North.<\/p>\n<p>Veillez notez svp! Si le temp devient mauvais, il faudra descendre au Sud.<\/p>\n<p><strong>Jour 7.<\/strong> <strong>Jour de r\u00e9serve ou descente au camp de base au North de l&#8217;Elbrus.<\/strong><\/p>\n<p>Apr\u00e8s le petit d\u00e9jeun\u00e9e on commence la descente vers le camp de base au North de l&#8217;Elbrus 2600m. Il est situe sur un plateau, nomm\u00e9e &#8216;clairi\u00e8re d&#8217;Emmanuel&#187;. C&#8217;est ici qu&#8217;au 19 si\u00e8cle c&#8217;est installe la premi\u00e8re exp\u00e9dition vers le sommet de l&#8217;Elbrouz. Si le jour 7 a cause du mauvais temps on n\u2019a pas pus faire le sommet aujourd\u2019hui on a encore une chance. Nuit en refuge a 2600m. ou en refuge a 3800m. si on utilise le jour de r\u00e9serve.<\/p>\n<p>En cas si le jour de l&#8217;ascension a cause du mauvais temp le groupe est redescendu au sud, on revient a l&#8217;h\u00f4tel a Terskol.<\/p>\n<p><strong>Jour 8.<\/strong> <strong>Transfert Piatigorsk.<\/strong><\/p>\n<p>Apres le petit d\u00e9jeune au refuge, on revient vers la civilisation sur un 4&#215;4, qui nous am\u00e8nera a la ville Piatigorsk, ou une douche chaude, un bon repas et un lit comfortable \u00a0non attendra. Vos affaire seront aussi transporte du Sud a l&#8217;h\u00f4tel a Piatigorsk.<\/p>\n<p><strong>Jour 9.\u00a0Transf\u00e8re Piatigorsk &#8212;\u00a0<\/strong><b>a\u00e9roport Mineralni Vodi &#8212; Moscou&#8230;<\/b><\/p>\n<p><a href=\"http:\/\/www.bigmountain.ru\/fr\/bigmountain.ru\/www\/fr\/wp-content\/uploads\/2017\/12\/Elbrus-2.jpg\"><img loading=\"lazy\" class=\"alignnone size-full wp-image-1168\" src=\"http:\/\/www.bigmountain.ru\/fr\/bigmountain.ru\/www\/fr\/wp-content\/uploads\/2017\/12\/Elbrus-2.jpg\" alt=\"traversee de elbrus\" width=\"400\" height=\"509\" srcset=\"https:\/\/www.bigmountain.ru\/fr\/bigmountain.ru\/www\/fr\/wp-content\/uploads\/2017\/12\/Elbrus-2.jpg 400w, https:\/\/www.bigmountain.ru\/fr\/bigmountain.ru\/www\/fr\/wp-content\/uploads\/2017\/12\/Elbrus-2-236x300.jpg 236w\" sizes=\"(max-width: 400px) 100vw, 400px\" \/><\/a><\/p>\n<p><a name=\"4\"><\/a><strong>LE PRIX.<\/strong><\/p>\n<p><strong>Le prix depend de la\u00a0quantit\u00e9\u00a0de gens dans l&#8217;groupe.<\/strong><\/p>\n<p>1 personne &gt; 2 personnes &gt; <strong>3 personnes &#8212; 910 euros par personnes\u00a0<\/strong>&gt; 4 personnes etc.<\/p>\n<p><strong>Le prix comprend:<\/strong><\/p>\n<ol>\n<li>L\u2019accueil a l\u2019aeroport Mineralni Vodi par un receptif local francophone ou anglephone.<\/li>\n<li>Le transfert aeroport Mineralni Vodi \/ la Vallee de Baksan, Terskol.<\/li>\n<li>Le transf\u00e8re de l&#8217;Elbrus de North a Piatigosk.<\/li>\n<li>La decente du refuge de Sude et la transportation des affaire a l&#8217;Hotel a Piatigorsk.<\/li>\n<li>Les transfert necessaire pour le programme d\u2019acclimatation et pour l\u2019ascension.<\/li>\n<li>L\u2019hebergement a l\u2019Hotel*** en demi-pension (3 nuis) (Une chambre poure 2 ou 3 perssone).<\/li>\n<li>L\u2019h\u00e9bergement en refuge au Sud avec pension complete (3 nuis).<\/li>\n<li>L\u2019h\u00e9bergement en refuge au North avec pension complete (2 nuis).<\/li>\n<li>La montee en telepherique (1 fois).<\/li>\n<li>Un guide francophone ou anglephone pour le groupe durant le sejoure au Caucase. Un guide de haute montagne pour chaque 3 personnes le jour du sommet.<\/li>\n<li>La registration sur place.<\/li>\n<li>Le sac de couchage au refuge du North. Ainsi vous ne devez pas le porter au sommet.<\/li>\n<\/ol>\n<p><strong>Le prix ne comprend pas:<\/strong><\/p>\n<ol>\n<li>Le visa d\u2019entree en Russie.<\/li>\n<li>La montee au rochers de Pastouckhova en snowcat (tracteur de neige) d\u2019ou la plupart des groupes prennent la route au sommet. Ca coute: 600 euros vers 4600m, 800 euros vers 4800m. et 1000 euros vers 5100m. Cette somme est diviser entre tout les passagers du tracteur de neige, qui peut prendre environ 10 personnes. Si le groupe n&#8217;est pas nombreux, il est possible de prendre un moto-neige qui peut porter 2 passager et sa coute 100 euros. Note: Les tracteur de neige et les moto neige sont priv\u00e9es c&#8217;est pourquoi les prix ne sont pas fix\u00e9es.<\/li>\n<li>Equipment personnel (sac de couchage, crampons a glace, piolet etc.)<\/li>\n<li>L&#8217;assurance.<\/li>\n<li>Les repas a Piatigorsk.<\/li>\n<li>Le permit d&#8217;entr\u00e9e dans le parque national de l&#8217;Elbrus. On n&#8217;inclus pas cette somme car ce n&#8217;est pas toujours que l&#8217;administration du parque demande ce permit. Par exemple en juin il est demande tr\u00e8s rarement et en aout (haute saison) souvent. Le prix du permit &#8212; 1000 rouble environ.<\/li>\n<\/ol>\n<p><a name=\"8\"><\/a><\/p>\n<p>VIDEO. TRAVERSEE DE L&#8217;ELBRUS QU&#8217;ON A REALISEE AVEC UN GROUPE FRANCAIS en mai 2016 .<br \/>\n<iframe loading=\"lazy\" src=\"https:\/\/www.youtube.com\/embed\/UPF9_r_Qs8w\" width=\"560\" height=\"315\" frameborder=\"0\" allowfullscreen=\"allowfullscreen\"><\/iframe><\/p>\n","protected":false},"excerpt":{"rendered":"<p>Ascension de l\u2019Elbrouz par la face Sud et descente par la face North.. Le programme. Le prix. Equipement necessaires. Le visa. Photos Video. Traversee de Elbrus en mai 2016. Cette randonn\u00e9e peut devenir une vraie aventure\u00a0! Tout le charme r\u00e9side dans la possibilit\u00e9 de voir Elbrus des deux c\u00f4t\u00e9s et de multiplier les impressions du &hellip; <a href=\"https:\/\/www.bigmountain.ru\/fr\/?page_id=665\" class=\"more-link\">\u0427\u0438\u0442\u0430\u0442\u044c \u0434\u0430\u043b\u0435\u0435 <span class=\"screen-reader-text\">La travers\u00e9e de Elbrus du Sud au Nord.<\/span> <span class=\"meta-nav\">&rarr;<\/span><\/a><\/p>\n","protected":false},"author":1,"featured_media":0,"parent":0,"menu_order":0,"comment_status":"closed","ping_status":"closed","template":"","meta":[],"_links":{"self":[{"href":"https:\/\/www.bigmountain.ru\/fr\/index.php?rest_route=\/wp\/v2\/pages\/665"}],"collection":[{"href":"https:\/\/www.bigmountain.ru\/fr\/index.php?rest_route=\/wp\/v2\/pages"}],"about":[{"href":"https:\/\/www.bigmountain.ru\/fr\/index.php?rest_route=\/wp\/v2\/types\/page"}],"author":[{"embeddable":true,"href":"https:\/\/www.bigmountain.ru\/fr\/index.php?rest_route=\/wp\/v2\/users\/1"}],"replies":[{"embeddable":true,"href":"https:\/\/www.bigmountain.ru\/fr\/index.php?rest_route=%2Fwp%2Fv2%2Fcomments&post=665"}],"version-history":[{"count":17,"href":"https:\/\/www.bigmountain.ru\/fr\/index.php?rest_route=\/wp\/v2\/pages\/665\/revisions"}],"predecessor-version":[{"id":1178,"href":"https:\/\/www.bigmountain.ru\/fr\/index.php?rest_route=\/wp\/v2\/pages\/665\/revisions\/1178"}],"wp:attachment":[{"href":"https:\/\/www.bigmountain.ru\/fr\/index.php?rest_route=%2Fwp%2Fv2%2Fmedia&parent=665"}],"curies":[{"name":"wp","href":"https:\/\/api.w.org\/{rel}","templated":true}]}}